{"id":20,"date":"2023-08-15T19:39:44","date_gmt":"2023-08-15T19:39:44","guid":{"rendered":"https:\/\/toolkits.collegesinstitutes.ca\/train-the-trainer\/"},"modified":"2023-09-22T14:51:41","modified_gmt":"2023-09-22T14:51:41","slug":"outils","status":"publish","type":"page","link":"https:\/\/toolkits.collegesinstitutes.ca\/fr\/connexionapprentis\/outils\/","title":{"rendered":"Outils"},"content":{"rendered":"<div class=\"flex-section\">\n<div class=\"container-call-out--with-icons-block\">\n<div class=\"hero-cta justify-content-between\">\n<div class=\"row\">\n<div class=\"col mx-1 text-center\">\n\t<a href=\"https:\/\/toolkits.collegesinstitutes.ca\/fr\/connexionapprentis\/outils\/etape-1-demarrer\/\"><\/p>\n<div class=\"circle circle_1 mb-3\">\n<div class=\"div_outter\">\n<div class=\"div_inner\">\n\t<i class=\"fa-solid fa-user-magnifying-glass\"><\/i>\n\t<\/div>\n<\/p><\/div>\n<\/p><\/div>\n<p>\t<\/a><\/p>\n<h3 class=\"mb-2\"><a href=\"https:\/\/toolkits.collegesinstitutes.ca\/fr\/connexionapprentis\/outils\/etape-1-demarrer\/\">\u00c9tape 1: Recrutez<\/a><\/h3>\n<p>\tO\u00f9 et comment trouver de nouveaux talents.\n\t<\/p><\/div>\n<div class=\"col mx-1 text-center\">\n\t<a href=\"https:\/\/toolkits.collegesinstitutes.ca\/fr\/connexionapprentis\/outils\/etape-2-comprendre-votre-role\/\"><\/p>\n<div class=\"circle circle_2 mb-3\">\n<div class=\"div_outter\">\n<div class=\"div_inner\">\n\t<i class=\"fa-solid fa-user-check\"><\/i>\n\t<\/div>\n<\/p><\/div>\n<\/p><\/div>\n<p>\t<\/a><\/p>\n<h3 class=\"mb-2\"><a href=\"https:\/\/toolkits.collegesinstitutes.ca\/fr\/connexionapprentis\/outils\/etape-2-comprendre-votre-role\/\">\u00c9tape 2: Embauchez<\/a><\/h3>\n<p>\tQue faire une fois le candidat trouv\u00e9.\n\t<\/p><\/div>\n<div class=\"col mx-1 text-center\">\n\t<a href=\"https:\/\/toolkits.collegesinstitutes.ca\/fr\/connexionapprentis\/outils\/etape-3-etablir-des-objectifs\/\"><\/p>\n<div class=\"circle circle_3 mb-3\">\n<div class=\"div_outter\">\n<div class=\"div_inner\">\n\t<i class=\"fa-solid fa-clipboard-list-check\"><\/i>\n\t<\/div>\n<\/p><\/div>\n<\/p><\/div>\n<p>\t<\/a><\/p>\n<h3 class=\"mb-2\"><a href=\"https:\/\/toolkits.collegesinstitutes.ca\/fr\/connexionapprentis\/outils\/etape-3-etablir-des-objectifs\/\">\u00c9tape 3: Int\u00e9grez<\/a><\/h3>\n<p>\tComment accueillir les nouveaux apprentis dans votre \u00e9quipe et pr\u00e9parer le terrain pour leur r\u00e9ussite.\n\t<\/p><\/div>\n<div class=\"col mx-1 text-center\">\n\t<a href=\"https:\/\/toolkits.collegesinstitutes.ca\/fr\/connexionapprentis\/outils\/etape-4-reflechir-a-lexperience\/\"><\/p>\n<div class=\"circle circle_4 mb-3\">\n<div class=\"div_outter\">\n<div class=\"div_inner\">\n\t<i class=\"fa-solid fa-screen-users\"><\/i>\n\t<\/div>\n<\/p><\/div>\n<\/p><\/div>\n<p>\t<\/a><\/p>\n<h3 class=\"mb-2\"><a href=\"https:\/\/toolkits.collegesinstitutes.ca\/fr\/connexionapprentis\/tools\/etape-4-reflechir-a-lexperience\/\">\u00c9tape 4: Formez<\/a><\/h3>\n<p>\tComment \u00e9laborer une strat\u00e9gie de formation et pr\u00e9parer la nouvelle g\u00e9n\u00e9ration de travailleuses et travailleurs qualifi\u00e9s.\n\t<\/p><\/div>\n<div class=\"col mx-1 text-center\">\n\t<a href=\"https:\/\/toolkits.collegesinstitutes.ca\/fr\/connexionapprentis\/outils\/etape-5-travaillez-a-la-retention\/\"><\/p>\n<div class=\"circle circle_5 mb-3\">\n<div class=\"div_outter\">\n<div class=\"div_inner\">\n\t<i class=\"fa-solid fa-handshake-simple\"><\/i>\n\t<\/div>\n<\/p><\/div>\n<\/p><\/div>\n<p>\t<\/a><\/p>\n<h3 class=\"mb-2\"><a href=\"https:\/\/toolkits.collegesinstitutes.ca\/fr\/connexionapprentis\/outils\/etape-5-travaillez-a-la-retention\/\">\u00c9tape 5: Fid\u00e9lisez<\/a><\/h3>\n<p>\tComment instaurer une culture de travail positive et fid\u00e9liser vos apprentis.\n\t<\/p><\/div>\n<\/div>\n<\/div>\n<\/div>\n<\/div>\n","protected":false},"excerpt":{"rendered":"<p>\u00c9tape 1: Recrutez O\u00f9 et comment trouver de nouveaux talents. \u00c9tape 2: Embauchez Que faire une fois le candidat trouv\u00e9. \u00c9tape 3: Int\u00e9grez Comment accueillir les nouveaux apprentis dans votre \u00e9quipe et pr\u00e9parer le terrain pour leur r\u00e9ussite. \u00c9tape 4: Formez Comment \u00e9laborer une strat\u00e9gie de formation et pr\u00e9parer la nouvelle g\u00e9n\u00e9ration de travailleuses et [&hellip;]<\/p>\n","protected":false},"author":3,"featured_media":836,"parent":338,"menu_order":0,"comment_status":"closed","ping_status":"closed","template":"page-cl.php","meta":{"_acf_changed":false,"footnotes":""},"class_list":["post-20","page","type-page","status-publish","has-post-thumbnail","hentry"],"acf":[],"_links":{"self":[{"href":"https:\/\/toolkits.collegesinstitutes.ca\/fr\/wp-json\/wp\/v2\/pages\/20","targetHints":{"allow":["GET"]}}],"collection":[{"href":"https:\/\/toolkits.collegesinstitutes.ca\/fr\/wp-json\/wp\/v2\/pages"}],"about":[{"href":"https:\/\/toolkits.collegesinstitutes.ca\/fr\/wp-json\/wp\/v2\/types\/page"}],"author":[{"embeddable":true,"href":"https:\/\/toolkits.collegesinstitutes.ca\/fr\/wp-json\/wp\/v2\/users\/3"}],"replies":[{"embeddable":true,"href":"https:\/\/toolkits.collegesinstitutes.ca\/fr\/wp-json\/wp\/v2\/comments?post=20"}],"version-history":[{"count":0,"href":"https:\/\/toolkits.collegesinstitutes.ca\/fr\/wp-json\/wp\/v2\/pages\/20\/revisions"}],"up":[{"embeddable":true,"href":"https:\/\/toolkits.collegesinstitutes.ca\/fr\/wp-json\/wp\/v2\/pages\/338"}],"wp:featuredmedia":[{"embeddable":true,"href":"https:\/\/toolkits.collegesinstitutes.ca\/fr\/wp-json\/wp\/v2\/media\/836"}],"wp:attachment":[{"href":"https:\/\/toolkits.collegesinstitutes.ca\/fr\/wp-json\/wp\/v2\/media?parent=20"}],"curies":[{"name":"wp","href":"https:\/\/api.w.org\/{rel}","templated":true}]}}