{"id":22,"date":"2023-08-15T19:40:07","date_gmt":"2023-08-15T19:40:07","guid":{"rendered":"https:\/\/toolkits.collegesinstitutes.ca\/tools\/"},"modified":"2023-09-22T14:48:25","modified_gmt":"2023-09-22T14:48:25","slug":"ressources","status":"publish","type":"page","link":"https:\/\/toolkits.collegesinstitutes.ca\/fr\/connexionapprentis\/ressources\/","title":{"rendered":"Ressources"},"content":{"rendered":"<div class=\"flex-section\">\n<div class=\"container-call-out--with-icons-block\">\n<div class=\"hero-cta justify-content-between\">\n<div class=\"row\">\n<div class=\"col mx-1 text-center\">\n<a href=\"https:\/\/toolkits.collegesinstitutes.ca\/fr\/connexionapprentis\/ressources\/groupes-vises-par-lequite\/\"><\/p>\n<div class=\"circle circle_5 mb-3\">\n<div class=\"div_outter\">\n<div class=\"div_inner\">\n<i class=\"fa-solid fa-users\"><\/i>\n<\/div>\n<\/div>\n<\/div>\n<p><\/a><\/p>\n<h3 class=\"mb-2\"><a href=\"https:\/\/toolkits.collegesinstitutes.ca\/fr\/connexionapprentis\/ressources\/groupes-vises-par-lequite\/\">Groupes vis\u00e9s par l\u2019\u00e9quit\u00e9<\/a><\/h3>\n<p><small>D\u00e9couvrez les conseils permettant d\u2019instaurer un environnement de travail inclusif afin de stimuler l\u2019innovation, la productivit\u00e9 et la satisfaction des employ\u00e9s.<\/small>\n<\/div>\n<div class=\"col mx-1 text-center\">\n<a href=\"https:\/\/toolkits.collegesinstitutes.ca\/fr\/connexionapprentis\/ressources\/aides-financieres-pour-les-employeurs-et-les-apprentis\/\"><\/p>\n<div class=\"circle circle_1 mb-3\">\n<div class=\"div_outter\">\n<div class=\"div_inner\">\n<i class=\"fa-solid fa-money-check-dollar\"><\/i>\n<\/div>\n<\/div>\n<\/div>\n<p><\/a><\/p>\n<h3 class=\"mb-2\"><a href=\"https:\/\/toolkits.collegesinstitutes.ca\/fr\/connexionapprentis\/ressources\/aides-financieres-pour-les-employeurs-et-les-apprentis\/\">Aides financi\u00e8res<\/a><\/h3>\n<p><small>Comprenez les aspects financiers de l\u2019embauche d\u2019un apprenti et trouvez les possibilit\u00e9s de financement adapt\u00e9es \u00e0 votre situation et \u00e0 celle de votre nouvel apprenti.<\/small>\n<\/div>\n<div class=\"col mx-1 text-center\">\n<a href=\"https:\/\/toolkits.collegesinstitutes.ca\/fr\/connexionapprentis\/ressources\/sante-et-bien-etre\/\"><\/p>\n<div class=\"circle circle_3 mb-3\">\n<div class=\"div_outter\">\n<div class=\"div_inner\">\n<i class=\"fa-solid fa-hand-holding-heart\"><\/i>\n<\/div>\n<\/div>\n<\/div>\n<p><\/a><\/p>\n<h3 class=\"mb-2\"><a href=\"https:\/\/toolkits.collegesinstitutes.ca\/fr\/connexionapprentis\/ressources\/sante-et-bien-etre\/\">Sant\u00e9 et bien-\u00eatre<\/a><\/h3>\n<p><small>Apprenez \u00e0 limiter l\u2019\u00e9puisement professionnel, les blessures et la rotation du personnel tout en instaurant une meilleure culture d\u2019entreprise.<\/small>\n<\/div>\n<div class=\"col mx-1 text-center\">\n<a href=\"https:\/\/toolkits.collegesinstitutes.ca\/fr\/connexionapprentis\/ressources\/normes-gouvernementales\/\"><\/p>\n<div class=\"circle circle_4 mb-3\">\n<div class=\"div_outter\">\n<div class=\"div_inner\">\n<i class=\"fa-sharp fa-solid fa-badge-check\"><\/i>\n<\/div>\n<\/div>\n<\/div>\n<p><\/a><\/p>\n<h3 class=\"mb-2\"><a href=\"https:\/\/toolkits.collegesinstitutes.ca\/fr\/connexionapprentis\/ressources\/normes-gouvernementales\/\">Normes professionnelles du gouvernement<\/a><\/h3>\n<p><small>Obtenez des informations sur les normes d\u2019emploi, les programmes provinciaux d\u2019apprentissage, la certification de vos apprentis, les normes du Sceau rouge et les pr\u00e9parations aux examens.<\/small>\n<\/div>\n<div class=\"col mx-1 text-center\">\n<a href=\"https:\/\/toolkits.collegesinstitutes.ca\/fr\/connexionapprentis\/ressources\/securite-sur-le-lieu-de-travail\/\"><\/p>\n<div class=\"circle circle_2 mb-3\">\n<div class=\"div_outter\">\n<div class=\"div_inner\">\n<i class=\"fa-solid fa-user-helmet-safety\"><\/i>\n<\/div>\n<\/div>\n<\/div>\n<p><\/a><\/p>\n<h3 class=\"mb-2\"><a href=\"https:\/\/toolkits.collegesinstitutes.ca\/fr\/connexionapprentis\/ressources\/securite-sur-le-lieu-de-travail\/\">S\u00e9curit\u00e9 en milieu de travail<\/a><\/h3>\n<p><small>Veillez \u00e0 la s\u00e9curit\u00e9 et \u00e0 la conformit\u00e9 de votre milieu de travail tout en donnant \u00e0 vos apprentis les connaissances et les ressources n\u00e9cessaires \u00e0 leur \u00e9panouissement.<\/small>\n<\/div>\n<\/div>\n<\/div>\n<\/div>\n<\/div>\n","protected":false},"excerpt":{"rendered":"<p>Groupes vis\u00e9s par l\u2019\u00e9quit\u00e9 D\u00e9couvrez les conseils permettant d\u2019instaurer un environnement de travail inclusif afin de stimuler l\u2019innovation, la productivit\u00e9 et la satisfaction des employ\u00e9s. Aides financi\u00e8res Comprenez les aspects financiers de l\u2019embauche d\u2019un apprenti et trouvez les possibilit\u00e9s de financement adapt\u00e9es \u00e0 votre situation et \u00e0 celle de votre nouvel apprenti. Sant\u00e9 et bien-\u00eatre [&hellip;]<\/p>\n","protected":false},"author":3,"featured_media":836,"parent":338,"menu_order":0,"comment_status":"closed","ping_status":"closed","template":"page-cl.php","meta":{"_acf_changed":false,"footnotes":""},"class_list":["post-22","page","type-page","status-publish","has-post-thumbnail","hentry"],"acf":[],"_links":{"self":[{"href":"https:\/\/toolkits.collegesinstitutes.ca\/fr\/wp-json\/wp\/v2\/pages\/22","targetHints":{"allow":["GET"]}}],"collection":[{"href":"https:\/\/toolkits.collegesinstitutes.ca\/fr\/wp-json\/wp\/v2\/pages"}],"about":[{"href":"https:\/\/toolkits.collegesinstitutes.ca\/fr\/wp-json\/wp\/v2\/types\/page"}],"author":[{"embeddable":true,"href":"https:\/\/toolkits.collegesinstitutes.ca\/fr\/wp-json\/wp\/v2\/users\/3"}],"replies":[{"embeddable":true,"href":"https:\/\/toolkits.collegesinstitutes.ca\/fr\/wp-json\/wp\/v2\/comments?post=22"}],"version-history":[{"count":0,"href":"https:\/\/toolkits.collegesinstitutes.ca\/fr\/wp-json\/wp\/v2\/pages\/22\/revisions"}],"up":[{"embeddable":true,"href":"https:\/\/toolkits.collegesinstitutes.ca\/fr\/wp-json\/wp\/v2\/pages\/338"}],"wp:featuredmedia":[{"embeddable":true,"href":"https:\/\/toolkits.collegesinstitutes.ca\/fr\/wp-json\/wp\/v2\/media\/836"}],"wp:attachment":[{"href":"https:\/\/toolkits.collegesinstitutes.ca\/fr\/wp-json\/wp\/v2\/media?parent=22"}],"curies":[{"name":"wp","href":"https:\/\/api.w.org\/{rel}","templated":true}]}}