{"id":338,"date":"2023-08-15T19:37:39","date_gmt":"2023-08-15T19:37:39","guid":{"rendered":"https:\/\/toolkits.collegesinstitutes.ca\/apprenticeship-connect\/"},"modified":"2024-03-06T18:38:10","modified_gmt":"2024-03-06T18:38:10","slug":"connexionapprentis","status":"publish","type":"page","link":"https:\/\/toolkits.collegesinstitutes.ca\/fr\/connexionapprentis\/","title":{"rendered":"ConnexionApprentis"},"content":{"rendered":"<div class=\"flex-section text-center\">\n<p class=\"lead\">Lib\u00e9rez le potentiel que peuvent offrir les les apprentissages et pr\u00e9parez votre entreprise pour l\u2019avenir. Cette bo\u00eete \u00e0 outils exhaustive destin\u00e9e aux employeurs des secteurs de la construction et de la fabrication vous guide \u00e0 travers plusieurs \u00e9tapes essentielles. Celles-ci concernent le recrutement, l\u2019embauche, l\u2019int\u00e9gration, la formation et la fid\u00e9lisation de vos nouveaux apprentis. <\/p>\n<\/div>\n<div class=\"flex-section\">\n<div class=\"container-call-out--with-icons-block text-center\">\n<h3 class=\"mt-0\">5 \u00e9tapes pour embaucher un apprenti<\/h3>\n<p>B\u00e9n\u00e9ficiez de conseils, de strat\u00e9gies, de listes de contr\u00f4le et d\u2019autres outils pour b\u00e2tir et fid\u00e9liser votre main-d\u2019\u0153uvre qualifi\u00e9e. <\/p>\n<div class=\"row justify-content-center\">\n<div class=\"col-12 col-lg-10\">\n<div class=\"row hero-cta justify-content-between pt-lg-4\">\n<div class=\"col-12 col-md-6 col-lg-2 text-center\">\n<a href=\"https:\/\/toolkits.collegesinstitutes.ca\/fr\/connexionapprentis\/outils\/etape-1-demarrer\/\">\t<\/p>\n<div class=\"circle circle_1 mb-3\">\n<div class=\"div_outter\">\n<div class=\"div_inner\"><i class=\"fa-solid fa-user-magnifying-glass\"><\/i><\/div>\n<\/div>\n<\/div>\n<p><\/a><\/p>\n<h4 class=\"mb-0\">\u00c9tape 1<\/h4>\n<p>Recrutez\n<\/p><\/div>\n<div class=\"col-12 col-md-6 col-lg-2 text-center\">\n<a href=\"https:\/\/toolkits.collegesinstitutes.ca\/fr\/connexionapprentis\/outils\/etape-2-comprendre-votre-role\/\"><\/p>\n<div class=\"circle circle_2 mb-3\">\n<div class=\"div_outter\">\n<div class=\"div_inner\"><i class=\"fa-solid fa-user-check\"><\/i><\/div>\n<\/div>\n<\/div>\n<p><\/a><\/p>\n<h4 class=\"mb-0\">\u00c9tape 2<\/h4>\n<p>Embauchez\n<\/p><\/div>\n<div class=\"col-12 col-md-6 col-lg-2 text-center\">\n<a href=\"https:\/\/toolkits.collegesinstitutes.ca\/fr\/connexionapprentis\/outils\/etape-3-etablir-des-objectifs\/\"><\/p>\n<div class=\"circle circle_3 mb-3\">\n<div class=\"div_outter\">\n<div class=\"div_inner\"><i class=\"fa-solid fa-clipboard-list-check\"><\/i><\/div>\n<\/div>\n<\/div>\n<p><\/a><\/p>\n<h4 class=\"mb-0\">\u00c9tape 3<\/h4>\n<p>Int\u00e9grez\n<\/p><\/div>\n<div class=\"col-12 col-md-6 col-lg-2 text-center\">\n<a href=\"https:\/\/toolkits.collegesinstitutes.ca\/fr\/connexionapprentis\/outils\/etape-4-reflechir-a-lexperience\/\"><\/p>\n<div class=\"circle circle_4 mb-3\">\n<div class=\"div_outter\">\n<div class=\"div_inner\"><i class=\"fa-solid fa-screen-users\"><\/i><\/div>\n<\/div>\n<\/div>\n<p><\/a><\/p>\n<h4 class=\"mb-0\">\u00c9tape 4<\/h4>\n<p>Formez\n<\/p><\/div>\n<div class=\"col-12 col-md-6 col-lg-2 text-center\">\n<a href=\"https:\/\/toolkits.collegesinstitutes.ca\/fr\/connexionapprentis\/outils\/etape-5-travaillez-a-la-retention\/\"><\/p>\n<div class=\"circle circle_5 mb-3\">\n<div class=\"div_outter\">\n<div class=\"div_inner\"><i class=\"fa-solid fa-handshake-simple\"><\/i><\/div>\n<\/div>\n<\/div>\n<p><\/a><\/p>\n<h4 class=\"mb-0\">\u00c9tape 5<\/h4>\n<p>Fid\u00e9lisez\n<\/p><\/div>\n<\/div>\n<\/div>\n<\/div>\n<\/div>\n<\/div>\n<div class=\"flex-section\">\n<div class=\"container-call-out--with-icons-block text-center\">\n<h3 class=\"mt-0\">Ressources<\/h3>\n<p>Il n\u2019est pas toujours facile de s\u2019y retrouver dans le domaine de l\u2019apprentissage. Nous avons rassembl\u00e9 ces ressources pour vous y aider!\t<\/p>\n<div class=\"row justify-content-center\">\n<div class=\"col-12 col-lg-10\">\n<div class=\"row hero-cta justify-content-between pt-lg-4\">\n<div class=\"col-12 col-md-auto col-lg-2 text-center\">\n<a href=\"https:\/\/toolkits.collegesinstitutes.ca\/fr\/connexionapprentis\/ressources\/aides-financieres-pour-les-employeurs-et-les-apprentis\/\"><\/p>\n<div class=\"circle circle_1 mb-3\">\n<div class=\"div_outter\">\n<div class=\"div_inner\">\n<i class=\"fa-solid fa-money-check-dollar\"><\/i>\n<\/div>\n<\/div>\n<\/div>\n<p><\/a><\/p>\n<h4 class=\"mb-0\">Aides financi\u00e8res<\/h4>\n<\/div>\n<div class=\"col-12 col-md-auto col-lg-2 text-center\">\n<a href=\"https:\/\/toolkits.collegesinstitutes.ca\/fr\/connexionapprentis\/ressources\/securite-sur-le-lieu-de-travail\/\"><\/p>\n<div class=\"circle circle_2 mb-3\">\n<div class=\"div_outter\">\n<div class=\"div_inner\">\n<i class=\"fa-solid fa-user-helmet-safety\"><\/i>\n<\/div>\n<\/div>\n<\/div>\n<p><\/a><\/p>\n<h4 class=\"mb-0\">S\u00e9curit\u00e9 en milieu de travail<\/h4>\n<\/div>\n<div class=\"col-12 col-md-auto col-lg-2 text-center\">\n<a href=\"https:\/\/toolkits.collegesinstitutes.ca\/fr\/connexionapprentis\/ressources\/sante-et-bien-etre\/\"><\/p>\n<div class=\"circle circle_3 mb-3\">\n<div class=\"div_outter\">\n<div class=\"div_inner\">\n<i class=\"fa-solid fa-hand-holding-heart\"><\/i>\n<\/div>\n<\/div>\n<\/div>\n<p><\/a><\/p>\n<h4 class=\"mb-0\">Sant\u00e9 et bien-\u00eatre<\/h4>\n<\/div>\n<div class=\"col-12 col-md-auto col-lg-2 text-center\">\n<a href=\"https:\/\/toolkits.collegesinstitutes.ca\/fr\/connexionapprentis\/ressources\/normes-gouvernementales\/\"><\/p>\n<div class=\"circle circle_4 mb-3\">\n<div class=\"div_outter\">\n<div class=\"div_inner\">\n<i class=\"fa-sharp fa-solid fa-badge-check\"><\/i>\n<\/div>\n<\/div>\n<\/div>\n<p><\/a><\/p>\n<h4 class=\"mb-0\">Normes gouvernementales<\/h4>\n<\/div>\n<div class=\"col-12 col-md-auto col-lg-2 text-center\">\n<a href=\"https:\/\/toolkits.collegesinstitutes.ca\/fr\/connexionapprentis\/ressources\/groupes-vises-par-lequite\/\"><\/p>\n<div class=\"circle circle_5 mb-3\">\n<div class=\"div_outter\">\n<div class=\"div_inner\">\n<i class=\"fa-solid fa-users\"><\/i>\n<\/div>\n<\/div>\n<\/div>\n<p><\/a><\/p>\n<h4 class=\"mb-0\">Groupes vis\u00e9s par l\u2019\u00e9quit\u00e9<\/h4>\n<\/div>\n<\/div>\n<\/div>\n<\/div>\n<\/div>\n<\/div>\n<div class=\"my-5 text-center\">\nCette bo\u00eete \u00e0 outils en ligne a \u00e9t\u00e9 con\u00e7ue par <a href=\"https:\/\/www.collegesinstitutes.ca\/fr\/\" rel=\"noopener\" target=\"_blank\">Coll\u00e8ges et instituts Canada<\/a>, dans le cadre <a href=\"https:\/\/www.lancementcarriere.ca\/programme-dapprentissages\/\" rel=\"noopener\" target=\"_blank\">d\u2019Apprentissages Lancement de carri\u00e8re<\/a>. Elle a pour but d\u2019aider les employeurs dans les m\u00e9tiers de la construction et de la fabrication. Le programme b\u00e9n\u00e9ficie d\u2019un financement gr\u00e2ce \u00e0 \u202f<a href=\"https:\/\/www.canada.ca\/fr\/emploi-developpement-social\/programmes\/programme-service-apprentissage.html\" target=\"_blank\" rel=\"noopener\">\u00abService d\u2019apprentissage\u00bb du Gouvernement du Canada<\/a>.\n<\/div>\n","protected":false},"excerpt":{"rendered":"<p>Lib\u00e9rez le potentiel que peuvent offrir les les apprentissages et pr\u00e9parez votre entreprise pour l\u2019avenir. Cette bo\u00eete \u00e0 outils exhaustive destin\u00e9e aux employeurs des secteurs de la construction et de la fabrication vous guide \u00e0 travers plusieurs \u00e9tapes essentielles. Celles-ci concernent le recrutement, l\u2019embauche, l\u2019int\u00e9gration, la formation et la fid\u00e9lisation de vos nouveaux apprentis. 5 [&hellip;]<\/p>\n","protected":false},"author":3,"featured_media":836,"parent":0,"menu_order":0,"comment_status":"closed","ping_status":"closed","template":"page-cl.php","meta":{"_acf_changed":false,"footnotes":""},"class_list":["post-338","page","type-page","status-publish","has-post-thumbnail","hentry"],"acf":[],"_links":{"self":[{"href":"https:\/\/toolkits.collegesinstitutes.ca\/fr\/wp-json\/wp\/v2\/pages\/338","targetHints":{"allow":["GET"]}}],"collection":[{"href":"https:\/\/toolkits.collegesinstitutes.ca\/fr\/wp-json\/wp\/v2\/pages"}],"about":[{"href":"https:\/\/toolkits.collegesinstitutes.ca\/fr\/wp-json\/wp\/v2\/types\/page"}],"author":[{"embeddable":true,"href":"https:\/\/toolkits.collegesinstitutes.ca\/fr\/wp-json\/wp\/v2\/users\/3"}],"replies":[{"embeddable":true,"href":"https:\/\/toolkits.collegesinstitutes.ca\/fr\/wp-json\/wp\/v2\/comments?post=338"}],"version-history":[{"count":0,"href":"https:\/\/toolkits.collegesinstitutes.ca\/fr\/wp-json\/wp\/v2\/pages\/338\/revisions"}],"wp:featuredmedia":[{"embeddable":true,"href":"https:\/\/toolkits.collegesinstitutes.ca\/fr\/wp-json\/wp\/v2\/media\/836"}],"wp:attachment":[{"href":"https:\/\/toolkits.collegesinstitutes.ca\/fr\/wp-json\/wp\/v2\/media?parent=338"}],"curies":[{"name":"wp","href":"https:\/\/api.w.org\/{rel}","templated":true}]}}