{"id":392,"date":"2023-08-15T19:47:59","date_gmt":"2023-08-15T19:47:59","guid":{"rendered":"https:\/\/toolkits.collegesinstitutes.ca\/tools\/workplace\/"},"modified":"2024-08-29T18:53:49","modified_gmt":"2024-08-29T18:53:49","slug":"securite-sur-le-lieu-de-travail","status":"publish","type":"page","link":"https:\/\/toolkits.collegesinstitutes.ca\/fr\/connexionapprentis\/ressources\/securite-sur-le-lieu-de-travail\/","title":{"rendered":"S\u00e9curit\u00e9 sur le lieu de travail"},"content":{"rendered":"<div class=\"flex-section\">\n<p>La s\u00e9curit\u00e9 sur le lieu de travail fait r\u00e9f\u00e9rence aux mesures, protocoles et pratiques visant \u00e0 garantir le bien-\u00eatre physique et la s\u00e9curit\u00e9 des personnes travaillant dans un lieu donn\u00e9. Cela englobe une s\u00e9rie de facteurs et de consid\u00e9rations visant \u00e0 pr\u00e9venir les accidents, les blessures et les dangers potentiels sur le lieu de travail. <\/p>\n<\/div>\n<div class=\"flex-section\">\n<h3>Sant\u00e9 et s\u00e9curit\u00e9 au travail <\/h3>\n<p>Le <a href=\"https:\/\/www.cchst.ca\/index.html\" target=\"_blank\" rel=\"noopener\">Centre canadien d\u2019hygi\u00e8ne et de s\u00e9curit\u00e9 au travail<\/a> fournit des informations sur la l\u00e9gislation, la formation et les programmes \u00e0 l\u2019intention des employeurs et des travailleurs. Les gouvernements provinciaux et territoriaux fournissent \u00e9galement des ressources et des lignes directrices pour les employeurs et les travailleurs dans leurs domaines respectifs.<\/p>\n<p>Comprendre <a href=\"https:\/\/www.canada.ca\/fr\/services\/emplois\/milieu-travail\/sante-securite.html\" target=\"_blank\" rel=\"noopener\">la sant\u00e9 et la s\u00e9curit\u00e9 au travail<\/a> est essentiel au maintien d\u2019un milieu de travail s\u00e9curitaire.\n<\/div>\n<div class=\"flex-section\">\n<h3>Les \u00e9l\u00e9ments suivants contribuent \u00e0 la s\u00e9curit\u00e9 sur le lieu de travail :<\/h3>\n<div class=\"container-accordion\">\n<div class=\"site-accordion\">\n<div class=\"accordion_section\">\n<h3><span>Sant\u00e9 et s\u00e9curit\u00e9 au travail <\/span><\/h3>\n<div>\n<p>Le <a href=\"https:\/\/www.cchst.ca\/index.html\" target=\"_blank\" rel=\"noopener\">Centre canadien d\u2019hygi\u00e8ne et de s\u00e9curit\u00e9 au travail<\/a> fournit des informations sur la l\u00e9gislation, la formation et les programmes \u00e0 l\u2019intention des employeurs et des travailleurs. Les gouvernements provinciaux et territoriaux fournissent \u00e9galement des ressources et des lignes directrices pour les employeurs et les travailleurs dans leurs domaines respectifs.<\/p>\n<p>Comprendre <a href=\"https:\/\/www.canada.ca\/fr\/services\/emplois\/milieu-travail\/sante-securite.html\" target=\"_blank\" rel=\"noopener\">la sant\u00e9 et la s\u00e9curit\u00e9 au travail<\/a> est essentiel au maintien d\u2019un milieu de travail s\u00e9curitaire.<\/p>\n<p>Les \u00e9l\u00e9ments suivants contribuent \u00e0 la s\u00e9curit\u00e9 sur le lieu de travail :<\/p>\n<\/div>\n<h3><span>\u00c9valuation des risques <\/span><\/h3>\n<div>\n<p>Une \u00e9valuation approfondie des risques permet d\u2019identifier les dangers et les risques potentiels en milieu de travail. Cette \u00e9valuation comprend l\u2019examen des t\u00e2ches effectu\u00e9es, de l\u2019\u00e9quipement utilis\u00e9, des facteurs environnementaux et de toute erreur humaine potentielle.<\/p>\n<\/div>\n<h3><span>Politiques de s\u00e9curit\u00e9 <\/span><\/h3>\n<div>\n<p>La mise en place de politiques et de proc\u00e9dures de s\u00e9curit\u00e9 claires et compl\u00e8tes est essentielle pour cr\u00e9er un environnement de travail s\u00fbr. Ces lignes directrices devraient couvrir divers aspects tels que les proc\u00e9dures d\u2019urgence, l\u2019utilisation correcte des \u00e9quipements de protection individuelle (\u00c9PI), la manipulation s\u00e9curitaire des \u00e9quipements et des mat\u00e9riaux, ainsi que le signalement des incidents et des accidents \u00e9vit\u00e9s de justesse.<\/p>\n<\/div>\n<h3><span>Formation et comp\u00e9tences <\/span><\/h3>\n<div>\n<p>Il est essentiel de former et d\u2019\u00e9duquer les employ\u00e9s pour qu\u2019ils comprennent les protocoles de s\u00e9curit\u00e9. Cette formation comprend l\u2019utilisation correcte de l\u2019\u00e9quipement, l\u2019utilisation de l\u2019\u00c9PI, l\u2019intervention en cas d\u2019urgence et la reconnaissance des dangers potentiels. Offrez r\u00e9guli\u00e8rement des cours de recyclage et des mises \u00e0 jour sur les r\u00e8gles de s\u00e9curit\u00e9 et les meilleures pratiques.<\/p>\n<\/div>\n<h3><span>Contr\u00f4le des dangers<\/span><\/h3>\n<div>\n<p>Mettre en \u0153uvre des mesures visant \u00e0 <a href=\"https:\/\/www.cchst.ca\/oshanswers\/hsprograms\/hazard\/hazard_control.html\" target=\"_blank\" rel=\"noopener\">contr\u00f4ler et minimiser les risques<\/a> est essentiel sur tout lieu de travail. Cette planification peut impliquer l\u2019installation de dispositifs de s\u00e9curit\u00e9 sur les machines, de syst\u00e8mes de ventilation ou de rev\u00eatements de sol antid\u00e9rapants, la mise en place d\u2019horaires de travail et la rotation des t\u00e2ches afin de minimiser les l\u00e9sions dues aux efforts r\u00e9p\u00e9titifs, et de veiller \u00e0 l&rsquo;entretien et \u00e0 l&rsquo;inspection ad\u00e9quates de l&rsquo;\u00e9quipement.<\/p>\n<\/div>\n<h3><span>Pr\u00e9paration aux situations d\u2019urgence<\/span><\/h3>\n<div>\n<p>L\u2019\u00e9laboration de plans d\u2019intervention d\u2019urgence et la tenue d\u2019exercices d\u2019urgence sont indispensables pour se pr\u00e9parer \u00e0 des situations impr\u00e9vues. Cette planification comprend des itin\u00e9raires d\u2019\u00e9vacuation clairs, des zones de rassemblement d\u00e9sign\u00e9es, des premiers intervenants form\u00e9s et des syst\u00e8mes de communication permettant d\u2019alerter l\u2019ensemble du personnel en cas d\u2019urgence.<\/p>\n<\/div>\n<h3><span>Notification et enqu\u00eates<\/span><\/h3>\n<div>\n<p>Il est important d\u2019encourager une culture de d\u00e9claration des incidents et d\u2019enqu\u00eate afin d\u2019identifier et de traiter les probl\u00e8mes de s\u00e9curit\u00e9 potentiels. Vos employ\u00e9s doivent se sentir \u00e0 l\u2019aise et pouvoir signaler des incidents, des accidents \u00e9vit\u00e9s de justesse ou des conditions dangereuses sans crainte de repr\u00e9sailles. Ces rapports doivent faire l\u2019objet d\u2019une enqu\u00eate approfondie afin d\u2019en d\u00e9terminer la cause premi\u00e8re et de mettre en \u0153uvre des actions correctives.<\/p>\n<\/div>\n<h3><span>Culture de la s\u00e9curit\u00e9<\/span><\/h3>\n<div>\n<p>Il est important de promouvoir une bonne culture de la s\u00e9curit\u00e9 afin de garantir une am\u00e9lioration permanente de la s\u00e9curit\u00e9 au travail. La s\u00e9curit\u00e9 en milieu de travail devrait \u00eatre une priorit\u00e9 et \u00eatre encourag\u00e9e \u00e0 tous les niveaux de l\u2019organisation. Reconna\u00eetre et r\u00e9compenser les comportements s\u00e9curitaires, mettre en place des canaux de communication ouverts pour discuter des probl\u00e8mes de s\u00e9curit\u00e9 et impliquer les employ\u00e9s dans les processus de prise de d\u00e9cision li\u00e9s \u00e0 la s\u00e9curit\u00e9 peuvent contribuer \u00e0 cr\u00e9er une culture de la s\u00e9curit\u00e9 solide.<\/p>\n<\/div>\n<\/div>\n<\/div>\n<\/div>\n<\/div>\n<div class=\"flex-section\">\n<div class=\"alert-warning p-5 mt-4 rounded\">\n<div class=\"row align-items-center\">\n<div class=\"col-auto\">\n<i class=\"fa-solid fa-circle-exclamation fs-1\"><\/i>\n<\/div>\n<div class=\"col\">\nTous les employeurs et apprentis doivent respecter les r\u00e8gles de s\u00e9curit\u00e9 au travail afin de garantir la s\u00e9curit\u00e9 de leur lieu de travail. Les exigences minimales en mati\u00e8re de s\u00e9curit\u00e9 d\u00e9pendent de la taille de l\u2019entreprise et du type de secteur d\u2019activit\u00e9.\n<\/div>\n<\/div>\n<\/div>\n<\/div>\n<div class=\"flex-section\">\n<h3>Comment am\u00e9liorer la s\u00e9curit\u00e9 sur votre lieu de travail<\/h3>\n<ul>\n<li>Organisez r\u00e9guli\u00e8rement des s\u00e9ances de formation \u00e0 la s\u00e9curit\u00e9 \u00e0 l\u2019intention des employ\u00e9s, notamment en ce qui concerne la manipulation correcte des \u00e9quipements, l\u2019identification des dangers et les protocoles d\u2019urgence.<\/li>\n<li>Effectuez des inspections al\u00e9atoires du milieu de travail afin d\u2019identifier ce qui doit \u00eatre abord\u00e9 lors des prochaines r\u00e9unions sur la s\u00e9curit\u00e9.<\/li>\n<li>Mettez en place un syst\u00e8me de signalement complet encourageant une communication ouverte et garantissant que les employ\u00e9s se sentent \u00e0 l\u2019aise pour signaler des conditions dangereuses.<\/li>\n<li>Assurez-vous que les \u00e9tiquettes de s\u00e9curit\u00e9 et la signalisation sont \u00e0 jour sur tous les \u00e9quipements et indiquent clairement les zones dangereuses.<\/li>\n<\/ul>\n<p>En tant qu\u2019employeur, il est important de montrer l\u2019exemple en mati\u00e8re de sant\u00e9 et de s\u00e9curit\u00e9 au travail. Votre engagement \u00e0 garantir un lieu de travail s\u00fbr donne le ton \u00e0 vos employ\u00e9s, en favorisant une culture de la s\u00e9curit\u00e9 qui sauve des vies et am\u00e9liore la productivit\u00e9. Pour vous assurer que vous \u00eates toujours au courant des changements de r\u00e9glementation, t\u00e9l\u00e9chargez une copie du document Sant\u00e9 et s\u00e9curit\u00e9 au travail : <a href=\"https:\/\/www.canada.ca\/fr\/emploi-developpement-social\/services\/sante-securite\/rapports\/obligations.html\" target=\"_blank\"Obligations des employeurs et des employ\u00e9s<\/a><\/p>\n<\/div>\n<div class=\"flex-section\">\n<h3>Ce que vos apprentis devraient savoir<\/h3>\n<p>Le premier jour de travail peut \u00eatre \u00e9prouvant pour un nouvel employ\u00e9. Le processus d\u2019int\u00e9gration peut \u00eatre un excellent moyen de s\u2019assurer que les nouveaux apprentis se sentent en s\u00e9curit\u00e9 et qu\u2019ils font partie de l\u2019\u00e9quipe. Le gouvernement f\u00e9d\u00e9ral propose des ressources aux entreprises pour faciliter le processus. Cliquez sur les liens suivants pour acc\u00e9der \u00e0 ces ressources importantes. <\/p>\n<ul>\n<li><a target=\"_blank\" href=\"https:\/\/www.canada.ca\/fr\/services\/emplois\/milieu-travail.html\" rel=\"noopener\">Normes en milieu de travail<\/a><\/li>\n<li><a target=\"_blank\" href=\"https:\/\/www.canada.ca\/fr\/emploi-developpement-social\/services\/sante-securite\/securite-travail.html#rights\" rel=\"noopener\">Droits des employ\u00e9s<\/a><\/li>\n<li><a target=\"_blank\" href=\"https:\/\/www.canada.ca\/fr\/emploi-developpement-social\/services\/sante-securite\/securite-travail.html#duties\" rel=\"noopener\">Responsabilit\u00e9s des employ\u00e9s<\/a><\/li>\n<li><a target=\"_blank\" href=\"https:\/\/www.canada.ca\/fr\/emploi-developpement-social\/services\/sante-securite\/rapports\/droit-refuser.html\" rel=\"noopener\">Droit de refuser d\u2019ex\u00e9cuter un travail dangereux<\/a><\/li>\n<li><a target=\"_blank\" href=\"https:\/\/www.canada.ca\/fr\/sante-canada\/services\/sante-environnement-milieu-travail\/sante-securite-travail\/service-aide-employes.html\" rel=\"noopener\">Services d\u2019aide aux employ\u00e9s<\/a><\/li>\n<li><a target=\"_blank\" href=\"https:\/\/www.canada.ca\/fr\/emploi-developpement-social\/services\/sante-securite\/rapports\/reglement-plaintes.html\" rel=\"noopener\">Processus de r\u00e8glement interne des plaintes<\/a><\/li>\n<\/ul>\n<\/div>\n<div class=\"flex-section\">\n<h3>Violence et harc\u00e8lement sur le lieu de travail<\/h3>\n<p>La violence et le harc\u00e8lement sont des formes de comportement agressif ou mena\u00e7ant. Sur le lieu de travail, ils peuvent avoir des cons\u00e9quences n\u00e9gatives tant pour les travailleurs que pour l\u2019organisation. Les entreprises canadiennes sont tenues de prendre toutes les pr\u00e9cautions possibles pour les pr\u00e9venir.<\/p>\n<\/div>\n<div class=\"flex-section\">\n<h3>Ressources suppl\u00e9mentaires pour am\u00e9liorer la s\u00e9curit\u00e9 en milieu de travail :<\/h3>\n<p><a href=\"https:\/\/www.cchst.ca\/topics\/wellness\/violence\/index.html\" target=\"_blank\" rel=\"noopener\">Violence et harc\u00e8lement<\/a> \u2014La plupart des gens consid\u00e8rent que la violence et l\u2019intimidation sur le lieu de travail sont des actes d\u2019agression physique. Il s\u2019agit toutefois d\u2019un probl\u00e8me beaucoup plus vaste, qui consiste en tout acte par lequel une personne est maltrait\u00e9e, menac\u00e9e, intimid\u00e9e, agress\u00e9e, d\u00e9grad\u00e9e ou humili\u00e9e dans le cadre de son emploi.<\/p>\n<p><a href=\"https:\/\/www.cchst.ca\/oshanswers\/hsprograms\/checklist\/list_gen.html\" target=\"_blank\" rel=\"noopener\">Liste de contr\u00f4le pour la s\u00e9curit\u00e9 au travail<\/a> \u2014 Ce site Web de gestion de la s\u00e9curit\u00e9 vous permet de cr\u00e9er des formulaires personnalis\u00e9s simples \u00e0 remplir et \u00e0 signer, avec des actions de suivi, des certifications de travailleurs, des emplacements GPS et un support hors ligne.<\/p>\n<p><a href=\"https:\/\/www.canada.ca\/fr\/sante-canada\/services\/sante-environnement-milieu-travail\/sante-securite-travail\/systeme-information-matieres-dangereuses-utilisees-travail.html\" target=\"_blank\" rel=\"noopener\">SIMDUT<\/a>\u2014Restez inform\u00e9 des changements apport\u00e9s au Syst\u00e8me d\u2019information sur les mati\u00e8res dangereuses utilis\u00e9es au travail.<\/p>\n<p><a href=\"https:\/\/www.canada.ca\/fr\/emploi-developpement-social\/services\/sante-securite\/rapports\/inspection.html\" target=\"_blank\" rel=\"noopener\">Inspections des lieux de travail<\/a> \u2014Un site du gouvernement du Canada qui d\u00e9crit la conformit\u00e9 et les inspections sur le lieu de travail. Les inspections sur le lieu de travail offrent des d\u00e9finitions et des exigences l\u00e9gales en mati\u00e8re d\u2019inspection de la s\u00e9curit\u00e9 au travail, ainsi qu\u2019un exemple de liste de contr\u00f4le pour l\u2019inspection.<\/p>\n<p><a href=\"https:\/\/www.cchst.ca\/oshanswers\/hsprograms\/hazard\/risk_assessment.html\" target=\"_blank\" rel=\"noopener\">\u00c9valuation des risques<\/a> Identifier le quoi, le pourquoi, le quand et le comment d\u2019une \u00e9valuation des risques<\/p>\n<p><a href=\"https:\/\/www.canada.ca\/fr\/emploi-developpement-social\/services\/sante-securite\/comites.html#workplace\" target=\"_blank\" rel=\"noopener\">Comit\u00e9s de sant\u00e9 et de s\u00e9curit\u00e9 au travail<\/a> \u2014Un autre site du gouvernement canadien qui pr\u00e9sente des informations sur les comit\u00e9s de sant\u00e9 et de s\u00e9curit\u00e9 au travail.  Les comit\u00e9s et les repr\u00e9sentants en mati\u00e8re de sant\u00e9 et de s\u00e9curit\u00e9 sont essentiels  dans la pr\u00e9vention des accidents du travail et des maladies professionnelles et constituent un \u00e9l\u00e9ment important du syst\u00e8me de responsabilit\u00e9 interne.<\/p>\n<p><a href=\"https:\/\/www.canada.ca\/fr\/emploi-developpement-social\/services\/sante-securite\/rapports\/prevention-risques.html#art19_6\" target=\"_blank\" rel=\"noopener\">Guide du programme de pr\u00e9vention des risques<\/a> \u2014Ce lien renvoie \u00e0 un guide du gouvernement canadien qui fournit des informations sur les types de risques sur le lieu de travail, sur la mani\u00e8re de les identifier et de les pr\u00e9venir, et sur la mani\u00e8re de former vos employ\u00e9s \u00e0 la gestion de ces risques. Compte tenu de la complexit\u00e9 croissante des milieux de travail, nous ne pouvons plus nous fier uniquement \u00e0 notre instinct. Le risque doit \u00eatre g\u00e9r\u00e9 comme n\u2019importe quelle autre fonction de l\u2019entreprise.<\/p>\n<p><a href=\"https:\/\/www.cchst.ca\/index.html\" target=\"_blank\" rel=\"noopener\">Centre canadien d\u2019hygi\u00e8ne et de s\u00e9curit\u00e9 au travail<\/a> \u2014 Liste de v\u00e9rification pour les inspections \u2014 Ce site Web fournit une liste de contr\u00f4le importante pour l\u2019inspection des milieux de travail, qui \u00e9num\u00e8re les \u00e9l\u00e9ments \u00e0 v\u00e9rifier dans les diff\u00e9rents secteurs du lieu de travail.<\/p>\n<p><a href=\"https:\/\/www.wsps.ca\/resource-hub\/french\" target=\"_blank\" rel=\"noopener\">Workplace Safety &amp; Prevention Services<\/a> &#8211; Le site Web des services de pr\u00e9vention et de s\u00e9curit\u00e9 sur le lieu de travail propose des articles, des vid\u00e9os et des liens sur divers sujets et des conseils relatifs \u00e0 la pr\u00e9vention en mati\u00e8re de s\u00e9curit\u00e9.<\/p>\n<p><a href=\"https:\/\/www.cchst.ca\/oshanswers\/hsprograms\/osh_policy.html\" target=\"_blank\" rel=\"noopener\">Programme de sant\u00e9 et s\u00e9curit\u00e9<\/a> Informations sur les politiques de sant\u00e9 et de s\u00e9curit\u00e9 et sur la mani\u00e8re de les mettre en \u0153uvre dans votre entreprise.<\/p>\n<p><a href=\"https:\/\/dovetailworkwear.ca\/fr\" target=\"_blank\" rel=\"noopener\">V\u00eatements de s\u00e9curit\u00e9 pour femmes<\/a> \u2014 Safetywear.ca est un distributeur en ligne de produits de protection, de v\u00eatements de s\u00e9curit\u00e9 et d\u2019accessoires. Ils proposent des v\u00eatements de s\u00e9curit\u00e9 adapt\u00e9s  aux femmes en milieu de travail (lien en anglais).<\/p>\n<p><a href=\"https:\/\/worksitesafety.ca\/product\/books\/reference-handbooks\/ontario-green-book-ohs-act-regulations\/?gclid=CjwKCAjws7WkBhBFEiwAIi1681B8VbjAB3xV9Osv7BKLIEpj_yN85gDZyDfxS6HdiZdHfj4FerKzwxoCx1oQAvD_BwE\" target=\"_blank\" rel=\"noopener\">Worksite Safety \u2014 Commande du livre vert<\/a> \u2014 Ce livre pratique et facile \u00e0 transporter convient pour \u00eatre emmen\u00e9 avec soi ou affich\u00e9 sur des panneaux. Il peut aider les employeurs \u00e0 respecter leur obligation d\u2019afficher une copie de la loi sur la sant\u00e9 et la s\u00e9curit\u00e9 au travail (LSST) sur le lieu de travail.<\/p>\n<\/div>\n","protected":false},"excerpt":{"rendered":"<p>La s\u00e9curit\u00e9 sur le lieu de travail fait r\u00e9f\u00e9rence aux mesures, protocoles et pratiques visant \u00e0 garantir le bien-\u00eatre physique et la s\u00e9curit\u00e9 des personnes travaillant dans un lieu donn\u00e9. Cela englobe une s\u00e9rie de facteurs et de consid\u00e9rations visant \u00e0 pr\u00e9venir les accidents, les blessures et les dangers potentiels sur le lieu de travail. [&hellip;]<\/p>\n","protected":false},"author":3,"featured_media":857,"parent":22,"menu_order":0,"comment_status":"closed","ping_status":"closed","template":"page-cl.php","meta":{"_acf_changed":false,"footnotes":""},"class_list":["post-392","page","type-page","status-publish","has-post-thumbnail","hentry"],"acf":[],"_links":{"self":[{"href":"https:\/\/toolkits.collegesinstitutes.ca\/fr\/wp-json\/wp\/v2\/pages\/392","targetHints":{"allow":["GET"]}}],"collection":[{"href":"https:\/\/toolkits.collegesinstitutes.ca\/fr\/wp-json\/wp\/v2\/pages"}],"about":[{"href":"https:\/\/toolkits.collegesinstitutes.ca\/fr\/wp-json\/wp\/v2\/types\/page"}],"author":[{"embeddable":true,"href":"https:\/\/toolkits.collegesinstitutes.ca\/fr\/wp-json\/wp\/v2\/users\/3"}],"replies":[{"embeddable":true,"href":"https:\/\/toolkits.collegesinstitutes.ca\/fr\/wp-json\/wp\/v2\/comments?post=392"}],"version-history":[{"count":0,"href":"https:\/\/toolkits.collegesinstitutes.ca\/fr\/wp-json\/wp\/v2\/pages\/392\/revisions"}],"up":[{"embeddable":true,"href":"https:\/\/toolkits.collegesinstitutes.ca\/fr\/wp-json\/wp\/v2\/pages\/22"}],"wp:featuredmedia":[{"embeddable":true,"href":"https:\/\/toolkits.collegesinstitutes.ca\/fr\/wp-json\/wp\/v2\/media\/857"}],"wp:attachment":[{"href":"https:\/\/toolkits.collegesinstitutes.ca\/fr\/wp-json\/wp\/v2\/media?parent=392"}],"curies":[{"name":"wp","href":"https:\/\/api.w.org\/{rel}","templated":true}]}}