{"id":397,"date":"2023-08-15T19:48:36","date_gmt":"2023-08-15T19:48:36","guid":{"rendered":"https:\/\/toolkits.collegesinstitutes.ca\/tools\/financial-supports\/"},"modified":"2024-08-29T18:45:04","modified_gmt":"2024-08-29T18:45:04","slug":"aides-financieres-pour-les-employeurs-et-les-apprentis","status":"publish","type":"page","link":"https:\/\/toolkits.collegesinstitutes.ca\/fr\/connexionapprentis\/ressources\/aides-financieres-pour-les-employeurs-et-les-apprentis\/","title":{"rendered":"Aides financi\u00e8res pour les employeurs et les apprentis"},"content":{"rendered":"<div class=\"flex-section\">\n<p>Un programme d\u2019apprentissage est assorti de consid\u00e9rations financi\u00e8res, tant pour l\u2019apprenti que l\u2019employeur. La d\u00e9cision de participer \u00e0 un programme d\u2019apprentissage peut avoir des implications financi\u00e8res, ainsi que des exigences li\u00e9es \u00e0 la gestion du temps et \u00e0 la formation pour l\u2019apprenti. Le choix d\u2019embaucher un apprenti pr\u00e9sente des d\u00e9fis particuliers pour les petites et moyennes entreprises, notamment en termes de gestion financi\u00e8re.<\/p>\n<p>Heureusement, il existe de nombreuses aides financi\u00e8res adapt\u00e9es aux besoins des employeurs des m\u00e9tiers de la construction et de de la fabrication. Certaines d\u2019entre elles sont <a href=\"https:\/\/www.canada.ca\/fr\/services\/emplois\/formation\/soutien-metiers-specialises-apprentis\/subventions.html\" target=\"_blank\" rel=\"noopener\">des aides du gouvernement f\u00e9d\u00e9ral<\/a><u>,<\/u> d\u2019autres sont administr\u00e9es par les provinces et les territoires, et d\u2019autres encore sont disponibles pour les employeurs et les apprentis aux niveaux local et r\u00e9gional.<\/p>\n<p>Ces diff\u00e9rents niveaux expliquent pourquoi de nombreuses aides financi\u00e8res sont disponibles pour les apprentis et les employeurs. En facilitant la compr\u00e9hension et l\u2019acc\u00e8s des apprentis aux aides financi\u00e8res, on am\u00e9liore consid\u00e9rablement leurs chances de r\u00e9ussir l\u2019apprentissage, tout en augmentant la fid\u00e9lisation pour les employeurs longtemps apr\u00e8s le programme.<\/p>\n<\/div>\n<div class=\"flex-section\">\n<h3>Financement pour les apprentis<\/h3>\n<p>Aidez les apprentis \u00e0 surmonter les difficult\u00e9s financi\u00e8res et \u00e0 achever leur programme. <strong>Explorez ces liens pour obtenir un soutien financier<\/strong> :<\/p>\n<p><a href=\"https:\/\/www.canada.ca\/fr\/services\/emplois\/formation\/soutien-metiers-specialises-apprentis\/prets.html\" target=\"_blank\" rel=\"noopener\">Pr\u00eat canadien aux apprentis<\/a> : Ce programme permet d\u2019obtenir des pr\u00eats sans int\u00e9r\u00eat d\u2019un montant maximal de 4 000 dollars par p\u00e9riode de formation technique. Les apprentis peuvent utiliser l\u2019argent pour payer les droits de scolarit\u00e9, les outils, l\u2019\u00e9quipement et les frais de subsistance, pour couvrir les salaires perdus ou pour subvenir aux besoins de leur famille.<\/p>\n<p><a href=\"https:\/\/www.canada.ca\/fr\/services\/emplois\/formation\/soutien-metiers-specialises-apprentis\/subventions.html\" target=\"_blank\" rel=\"noopener\">Subvention incitative aux apprentis et Subvention \u00e0 l\u2019ach\u00e8vement de la formation d\u2019apprenti<\/a> : Offre jusqu\u2019\u00e0 8 000 dollars pour devenir apprenti, avec une gamme de financements disponibles pour les groupes en qu\u00eate d\u2019\u00e9quit\u00e9 et les diff\u00e9rentes \u00e9tapes de l\u2019apprentissage. Des pr\u00eats \u00e0 l\u2019apprentissage sont \u00e9galement disponibles.<\/p>\n<p><a href=\"https:\/\/www.canada.ca\/fr\/services\/emplois\/formation\/soutien-metiers-specialises-apprentis\/assurance-emploi-apprentis.html\" target=\"_blank\" rel=\"noopener\">Assurance-emploi (\u00c6) pour les apprentis<\/a><u> <\/u>: Les prestations sont vers\u00e9es lorsqu\u2019on est au ch\u00f4mage et qu\u2019on suit une formation technique.<\/p>\n<p><a href=\"https:\/\/www.canada.ca\/fr\/services\/emplois\/formation\/soutien-metiers-specialises-apprentis\/credits-dimpot-apprentis.html\" target=\"_blank\" rel=\"noopener\">D\u00e9ductions fiscales et cr\u00e9dits d\u2019imp\u00f4t pour les apprentis<\/a><u> <\/u><strong>: <\/strong>Pr\u00e9voit des d\u00e9ductions pour les outils, les droits de scolarit\u00e9, les frais d\u2019\u00e9ducation et les co\u00fbts des manuels.<\/p>\n<h4>Trouvez des informations sur les programmes de financement et les services destin\u00e9s aux apprentis dans votre r\u00e9gion :<\/h4>\n<ul class=\"column-list-2\">\n<li><a href=\"https:\/\/tradesecrets.alberta.ca\/mytradesecrets\/applying-for-ait-programs-and-services-online\" target=\"_blank\" rel=\"noopener\">Alberta<\/a><\/li>\n<li><a href=\"https:\/\/www.workbc.ca\/discover-employment-services\/apprentice-services\" target=\"_blank\" rel=\"noopener\">Colombie-Britannique<\/a><\/li>\n<li><a href=\"https:\/\/www.gov.mb.ca\/aesi\/apprenticeship\/\" target=\"_blank\" rel=\"noopener\">Manitoba<\/a><\/li>\n<li><a href=\"https:\/\/www2.gnb.ca\/content\/gnb\/fr\/ministeres\/education_postsecondaire_formation_et_travail\/Competences\/content\/ApprentissageEtCertificationProfessionnelle.html\" target=\"_blank\" rel=\"noopener\">Nouveau-Brunswick<\/a><\/li>\n<li><a href=\"http:\/\/www.gov.nl.ca\/atcd\/employers\/financial-supports-programs-and-resources-for-employers\/canadian-apprenticeship-service-cas\" target=\"_blank\" rel=\"noopener\">Terre-Neuve-et-Labrador<\/a><\/li>\n<li><a href=\"https:\/\/www.ece.gov.nt.ca\/fr\/services\/le-programme-dapprentissage-et-de-qualification-professionnelle-des-metiers-et-2\" target=\"_blank\" rel=\"noopener\">Territoires du Nord-Ouest<\/a><\/li>\n<li><a href=\"http:\/\/www.nsapprenticeship.ca\/register-apprentice\" target=\"_blank\" rel=\"noopener\">Nouvelle-\u00c9cosse<\/a><\/li>\n<li><a href=\"https:\/\/nni.gov.nu.ca\/fr\/node\/70\" target=\"_blank\" rel=\"noopener\">Nunavut<\/a><\/li>\n<li><a href=\"https:\/\/www.ontario.ca\/fr\/page\/lapprentissage-en-ontario\" target=\"_blank\" rel=\"noopener\">Ontario<\/a><\/li>\n<li><a href=\"https:\/\/www.princeedwardisland.ca\/fr\/information\/main-doeuvre-etudes-superieures-et-population\/apprenticeship-program\" target=\"_blank\" rel=\"noopener\">\u00cele-du-Prince-\u00c9douard<\/a><\/li>\n<li><a href=\"https:\/\/www.quebec.ca\/emploi\/informer-metier-profession\" target=\"_blank\" rel=\"noopener\">Quebec<\/a><\/li>\n<li><a href=\"https:\/\/saskapprenticeship.ca\/\" target=\"_blank\" rel=\"noopener\">Saskatchewan<\/a><\/li>\n<li><a href=\"https:\/\/yukon.ca\/fr\/emploi-dans-le-secteur-des-metiers\" target=\"_blank\" rel=\"noopener\">Yukon<\/a><\/li>\n<\/ul>\n<\/div>\n<div class=\"flex-section\">\n<h3>Financement pour les employeurs<\/h3>\n<p>En tant qu\u2019employeur, les subventions et les incitatifs  peuvent vous aider \u00e0 payer les salaires, les outils, les v\u00eatements, l\u2019\u00e9quipement de protection individuelle (\u00c9PI) et la formation d\u2019un apprenti reli\u00e9e \u00e0 un \u00e9quipement ou \u00e0 des comp\u00e9tences sp\u00e9cifiques n\u00e9cessaires sur votre lieu de travail. Ils peuvent \u00e9galement \u00eatre utilis\u00e9s comme incitatifs \u00e0 la reconnaissance des progr\u00e8s, de l\u2019ach\u00e8vement ou du franchissement d\u2019\u00e9tapes de l\u2019apprentissage, ainsi que pour un cr\u00e9dit sur les imp\u00f4ts f\u00e9d\u00e9raux.<\/p>\n<h4>Naviguez les finances <\/h4>\n<p>De l\u2019estimation des co\u00fbts et de la budg\u00e9tisation des salaires \u00e0 la compr\u00e9hension des incitatifs gouvernementaux et des subventions potentielles, il y a beaucoup de choses \u00e0 prendre en compte. L\u2019embauche d\u2019un apprenti  peut \u00eatre un investissement gratifiant dans l\u2019ensemble, mais il est essentiel de s\u2019y pr\u00e9parer. Il est important de se familiariser avec les <a href=\"https:\/\/emplois.ca.indeed.com\/conseils-carriere\/developpement-carriere\/calcul-probabilite\" target=\"_blank\" rel=\"noopener\">aspects financiers<\/a> de l\u2019embauche d\u2019un apprenti afin de garantir un partenariat fructueux et durable pour votre entreprise.<\/p>\n<p>Les informations et les ressources sur les aides financi\u00e8res peuvent \u00eatre d\u00e9routantes, car elles peuvent varier en fonction de l\u2019identit\u00e9 ou des caract\u00e9ristiques de votre apprenti.<\/p>\n<h4>Entrez en contact avec des alli\u00e9s locaux ou des organismes conseils qui peuvent vous aider, vous et votre apprenti<\/h4>\n<p>Les organisations et associations de soutien aux entreprises peuvent \u00e9galement fournir une aide \u00e0 l\u2019embauche d\u2019un apprenti. Veuillez acc\u00e9der aux liens ci-dessous pour d\u2019autres ressources qui pourraient \u00eatre disponibles :<\/p>\n<p>Apprentissages Lancement de carri\u00e8re : Notre programme est termin\u00e9, merci de votre int\u00e9r\u00eat.<\/p>\n<p><a href=\"https:\/\/www.cfib-fcei.ca\/fr\/rechercher?q=embaucher+apprenti&#038;language=fr#gsc.tab=0&#038;gsc.q=embaucher%20apprenti&#038;gsc.page=1\" target=\"_blank\" rel=\"noopener\">F\u00e9d\u00e9ration canadienne des entreprises ind\u00e9pendantes<\/a> \u2014 Informations pour les employeurs sur la fa\u00e7on d\u2019acc\u00e9der \u00e0 un financement et \u00e0 une aide financi\u00e8re lors de l\u2019embauche d\u2019un apprenti, et conseils et strat\u00e9gies pour am\u00e9liorer vos d\u00e9cisions en mati\u00e8re d\u2019embauche et de recrutement.<\/p>\n<h4>Trouvez des informations sur les programmes de financement et les services destin\u00e9s aux apprentis dans votre r\u00e9gion :<\/h4>\n<ul class=\"column-list-2 remove-bullets\">\n<li><a href=\"https:\/\/www.alberta.ca\/sponsors-guide-to-apprenticeship.aspx\" target=\"_blank\" rel=\"noopener\">Alberta<\/a><\/li>\n<li><a href=\"https:\/\/www.workbc.ca\/find-loans-and-grants\/students-and-adult-learners\/services-apprentices-and-employers#:~:text=Employers%20who%20hire%20apprentices%20can,Job%20Creation%20Tax%20Credit%20webpage.\" target=\"_blank\" rel=\"noopener\">Colombie-Britannique<\/a><\/li>\n<li><a href=\"https:\/\/www.canada.ca\/fr\/agence-revenu\/services\/impot\/entreprises\/sujets\/societes\/impot-provincial-territorial-societes\/manitoba-impot-provincial-societes\/credit-impot-manitoba-experience-travail-remunere.html\" target=\"_blank\" rel=\"noopener\">Manitoba<\/a><\/li>\n<li><a href=\"https:\/\/www2.gnb.ca\/content\/gnb\/en\/departments\/post-secondary_education_training_and_labour\/Skills\/content\/FinancialSupport\/ApprenticeshipIncentives.html\" target=\"_blank\" rel=\"noopener\">Nouveau-Brunswick<\/a><\/li>\n<li><a href=\"https:\/\/www.gov.nl.ca\/ipgs\/employ-support\/foremployers\/\" target=\"_blank\" rel=\"noopener\">Terre-Neuve-et-Labrador<\/a><\/li>\n<li><a href=\"https:\/\/www.ece.gov.nt.ca\/fr\/services\/le-programme-dapprentissage-et-de-qualification-professionnelle-des-metiers-et-4\" target=\"_blank\" rel=\"noopener\">Territoires du Nord-Ouest<\/a><\/li>\n<li><a href=\"https:\/\/www.nsapprenticeship.ca\/employers\/employer-supports\" target=\"_blank\" rel=\"noopener\">Nouvelle-\u00c9cosse<\/a><\/li>\n<li><a href=\"https:\/\/www.gov.nu.ca\/fr\/programs-services\/subvention-salariale-pour-la-formation-en-cours-d%E2%80%99emploi\" target=\"_blank\" rel=\"noopener\">Nunavut<\/a><\/li>\n<li><a href=\"https:\/\/www.ontario.ca\/fr\/page\/mesures-incitatives-pour-les-employeurs\" target=\"_blank\" rel=\"noopener\">Ontario<\/a><\/li>\n<li><a href=\"https:\/\/www.princeedwardisland.ca\/fr\/information\/main-doeuvre-etudes-superieures-et-population\/apprenticeship-program\" target=\"_blank\" rel=\"noopener\">\u00cele-du-Prince-\u00c9douard<\/a><\/li>\n<li><a href=\"https:\/\/www.emploiquebec.gouv.qc.ca\/citoyens\/developper-et-faire-reconnaitre-vos-competences\/qualification-professionnelle\/qualification-volontaire\/\" target=\"_blank\" rel=\"noopener\">Quebec<\/a><\/li>\n<li><a href=\"https:\/\/saskapprenticeship.ca\/new-apprentices\/\" target=\"_blank\" rel=\"noopener\">Saskatchewan<\/a><\/li>\n<li><a href=\"http:\/\/www.skillsyukon.com\/home-sections\/students\" target=\"_blank\" rel=\"noopener\">Yukon<\/a><\/li>\n<\/ul>\n<\/div>\n","protected":false},"excerpt":{"rendered":"<p>Un programme d\u2019apprentissage est assorti de consid\u00e9rations financi\u00e8res, tant pour l\u2019apprenti que l\u2019employeur. La d\u00e9cision de participer \u00e0 un programme d\u2019apprentissage peut avoir des implications financi\u00e8res, ainsi que des exigences li\u00e9es \u00e0 la gestion du temps et \u00e0 la formation pour l\u2019apprenti. Le choix d\u2019embaucher un apprenti pr\u00e9sente des d\u00e9fis particuliers pour les petites et [&hellip;]<\/p>\n","protected":false},"author":3,"featured_media":859,"parent":22,"menu_order":0,"comment_status":"closed","ping_status":"closed","template":"page-cl.php","meta":{"_acf_changed":false,"footnotes":""},"class_list":["post-397","page","type-page","status-publish","has-post-thumbnail","hentry"],"acf":[],"_links":{"self":[{"href":"https:\/\/toolkits.collegesinstitutes.ca\/fr\/wp-json\/wp\/v2\/pages\/397","targetHints":{"allow":["GET"]}}],"collection":[{"href":"https:\/\/toolkits.collegesinstitutes.ca\/fr\/wp-json\/wp\/v2\/pages"}],"about":[{"href":"https:\/\/toolkits.collegesinstitutes.ca\/fr\/wp-json\/wp\/v2\/types\/page"}],"author":[{"embeddable":true,"href":"https:\/\/toolkits.collegesinstitutes.ca\/fr\/wp-json\/wp\/v2\/users\/3"}],"replies":[{"embeddable":true,"href":"https:\/\/toolkits.collegesinstitutes.ca\/fr\/wp-json\/wp\/v2\/comments?post=397"}],"version-history":[{"count":0,"href":"https:\/\/toolkits.collegesinstitutes.ca\/fr\/wp-json\/wp\/v2\/pages\/397\/revisions"}],"up":[{"embeddable":true,"href":"https:\/\/toolkits.collegesinstitutes.ca\/fr\/wp-json\/wp\/v2\/pages\/22"}],"wp:featuredmedia":[{"embeddable":true,"href":"https:\/\/toolkits.collegesinstitutes.ca\/fr\/wp-json\/wp\/v2\/media\/859"}],"wp:attachment":[{"href":"https:\/\/toolkits.collegesinstitutes.ca\/fr\/wp-json\/wp\/v2\/media?parent=397"}],"curies":[{"name":"wp","href":"https:\/\/api.w.org\/{rel}","templated":true}]}}