{"id":399,"date":"2023-08-15T19:48:19","date_gmt":"2023-08-15T19:48:19","guid":{"rendered":"https:\/\/toolkits.collegesinstitutes.ca\/tools\/health-safety\/"},"modified":"2024-08-29T18:57:46","modified_gmt":"2024-08-29T18:57:46","slug":"sante-et-bien-etre","status":"publish","type":"page","link":"https:\/\/toolkits.collegesinstitutes.ca\/fr\/connexionapprentis\/ressources\/sante-et-bien-etre\/","title":{"rendered":"Sant\u00e9 et bien-\u00eatre"},"content":{"rendered":"<div class=\"flex-section\">\n<p>La <a href=\"https:\/\/www.cchst.ca\/topics\/wellness\/index.html\" target=\"_blank\" rel=\"noopener\">sant\u00e9 et le bien-\u00eatre<\/a> des employ\u00e9s sont essentiels \u00e0 la productivit\u00e9 et \u00e0 la r\u00e9ussite d\u2019une entreprise. Cette notion fait r\u00e9f\u00e9rence au bien-\u00eatre physique, mental et \u00e9motionnel des employ\u00e9s au sein de l\u2019entreprise.<\/p>\n<\/div>\n<div class=\"flex-section\">\n<div class=\"container-accordion\">\n<div class=\"site-accordion\">\n<h3 class=\"mt-0\">Le maintien de la sant\u00e9 des employ\u00e9s est essentiel pour plusieurs raisons :<\/h3>\n<div class=\"accordion_section\">\n<h3><span>Productivit\u00e9<\/span><\/h3>\n<div>\n<p>Les employ\u00e9s en bonne sant\u00e9 sont plus susceptibles d\u2019\u00eatre productifs et de s\u2019impliquer dans leur travail. Ils ont un niveau d\u2019\u00e9nergie plus \u00e9lev\u00e9, se concentrent mieux et peuvent respecter les \u00e9ch\u00e9ances plus efficacement. Une mauvaise sant\u00e9 des employ\u00e9s peut entra\u00eener une baisse de la productivit\u00e9, de l\u2019absent\u00e9isme et des performances professionnelles. <a target=\"_blank\" href=\"https:\/\/www.cisolift.com\/documentation\/articles-de-blogue\/7-conseils-pour-augmenter-la-productivite-sur-votre-chantier\" rel=\"noopener\">Examinez les m\u00e9thodes d\u2019am\u00e9lioration de la productivit\u00e9 dans le secteur de la construction<\/a>.<\/p>\n<\/div>\n<h3><span>S\u00e9curit\u00e9 au travail<\/span><\/h3>\n<div>\n<p>La promotion de la sant\u00e9 des employ\u00e9s passe par la cr\u00e9ation d\u2019un environnement de travail s\u00e9curitaire qui minimise les risques sur le lieu de travail et r\u00e9duit le risque d\u2019accidents ou de blessures. Rester au fait du <a href=\"https:\/\/laws-lois.justice.gc.ca\/fra\/reglements\/DORS-86-304\/index.html\" target=\"_blank\" rel=\"noopener\">R\u00e8glement canadien sur la sant\u00e9 et la s\u00e9curit\u00e9 au travail<\/a> est essentiel \u00e0 la r\u00e9ussite d\u2019une entreprise.<\/p>\n<\/div>\n<h3><span>Moral et satisfaction au travail<\/span><\/h3>\n<div>\n<p>Lorsque les apprentis se sentent soutenus en termes de sant\u00e9 et de bien-\u00eatre, leur moral et leur satisfaction au travail s\u2019en trouvent renforc\u00e9s. Cela contribue \u00e0 cr\u00e9er une culture professionnelle positive o\u00f9 les apprentis se sentent valoris\u00e9s et pris en charge, ce qui se traduit par une plus grande loyaut\u00e9 et une r\u00e9duction du taux de rotation.<\/p>\n<\/div>\n<h3><span>R\u00e9duction des co\u00fbts des soins de sant\u00e9<\/span><\/h3>\n<div>\n<p>La promotion de la sant\u00e9 des employ\u00e9s par le biais de programmes de bien-\u00eatre et de soins pr\u00e9ventifs peut contribuer \u00e0 r\u00e9duire les co\u00fbts des avantages sociaux. L\u2019identification pr\u00e9coce des probl\u00e8mes de sant\u00e9 et l\u2019acc\u00e8s \u00e0 certaines ressources permettent d\u2019\u00e9viter les cong\u00e9s prolong\u00e9s et les affections co\u00fbteuses.<\/p>\n<\/div>\n<h3><span>Image positive de l\u2019entreprise<\/span><\/h3>\n<div>\n<p>En accordant la priorit\u00e9 \u00e0 la sant\u00e9 au sein de l\u2019entreprise, vous montrez qu\u2019en tant qu\u2019employeur, vous accordez plus d\u2019importance au bien-\u00eatre de vos employ\u00e9s qu\u2019\u00e0 leur simple productivit\u00e9. Cela peut renforcer la r\u00e9putation de votre entreprise en tant qu\u2019employeur de choix, vous aider \u00e0 attirer les meilleurs talents et am\u00e9liorer votre image de marque aupr\u00e8s des clients, des fournisseurs et des parties prenantes.<\/p>\n<\/div>\n<\/div>\n<\/div>\n<\/div>\n<\/div>\n<div class=\"flex-section\">\n<div class=\"alert-warning p-5 mt-4 rounded\">\n<div class=\"row align-items-center\">\n<div class=\"col-auto\">\n<i class=\"fa-solid fa-face-smile fs-1\"><\/i>\n<\/div>\n<div class=\"col\">\n<a href=\"https:\/\/www.randstad.ca\/fr\/employeurs\/tendances-employeur\/developpement-du-leadership\/comment-creer-un-environnement-de-travail-positif-pour-une-meilleure-retention\/\" target=\"_blank\" rel=\"noopener\">La cr\u00e9ation d\u2019un environnement positif<\/a> o\u00f9 les employ\u00e9s et les apprentis se sentent impliqu\u00e9s et valoris\u00e9s r\u00e9duit les niveaux d\u2019\u00e9puisement professionnel, les blessures, la rotation du personnel et engendre une meilleure culture du milieu de travail.\n<\/div>\n<\/div>\n<\/div>\n<\/div>\n<div class=\"flex-section\">\n<h3>Que pouvez-vous faire?<\/h3>\n<p>N\u2019oubliez pas que chaque secteur et chaque milieu de travail peuvent avoir des besoins sp\u00e9cifiques. Envisagez les \u00e9tapes suivantes :<\/p>\n<ol>\n<li>\u00c9valuez les d\u00e9fis et les exigences propres \u00e0 votre milieu de travail et \u00e0 vos sites de travaux.<\/li>\n<li>Adaptez les initiatives de bien-\u00eatre en cons\u00e9quence.<\/li>\n<li>\u00c9valuez r\u00e9guli\u00e8rement l\u2019efficacit\u00e9 de ces efforts.<\/li>\n<li>Demandez de la r\u00e9troaction aux employ\u00e9s pour s\u2019assurer que leurs besoins sont satisfaits.<\/li>\n<\/ol>\n<\/div>\n<div class=\"flex-section\">\n<div class=\"container-call-out-block mb-5 p-5\">\n<h3 class=\"mt-0\">Comment soutenir la sant\u00e9 et le bien-\u00eatre sur le lieu de travail :<\/h3>\n<ul>\n<li>Mettez en \u0153uvre des protocoles de s\u00e9curit\u00e9 en donnant la priorit\u00e9 aux mesures de s\u00e9curit\u00e9 afin de pr\u00e9venir les accidents et les blessures sur le lieu de travail. Offrez une formation ad\u00e9quate, des \u00e9quipements de s\u00e9curit\u00e9 et des inspections de s\u00e9curit\u00e9 r\u00e9guli\u00e8res afin de maintenir un environnement de travail s\u00fbr.<\/li>\n<li><a target=\"_blank\" href=\"https:\/\/www.cchst.ca\/oshanswers\/psychosocial\/active_living.html\" rel=\"noopener\">Encouragez la bonne forme physique<\/a> en stimulant les employ\u00e9s \u00e0 faire de l\u2019exercice r\u00e9guli\u00e8rement afin de favoriser le bien-\u00eatre physique et de pr\u00e9venir les blessures.<\/li>\n<li>Fournissez un acc\u00e8s aux ressources en mati\u00e8re de soins de sant\u00e9, comme l\u2019acc\u00e8s \u00e0 l\u2019assurance et aux cliniques, et offrez des prestations m\u00e9dicales si possible.<\/li>\n<li> <a href=\"https:\/\/commissionsantementale.ca\/resource\/sante-et-securite-psychologiques-guide-de-lemployeur\/?_gl=1*m8c6fi*_ga*ODE5ODU4NjQ0LjE2OTQxODkwMTU.*_ga_0X7SS473K6*MTY5NDYyNzQ0MS4yLjAuMTY5NDYyNzQ0MS42MC4wLjA.\" target=\"_blank\" rel=\"noopener\">Soutenez les initiatives en mati\u00e8re de sant\u00e9 mentale<\/a> Reconnaissez l\u2019importance de la sant\u00e9 mentale en milieu de travail et donnez acc\u00e8s \u00e0 des ressources aux employ\u00e9s qui recherchent un soutien.<\/li>\n<li><a target=\"_blank\" href=\"https:\/\/www.cchst.ca\/oshanswers\/psychosocial\/worklife_balance.html\" rel=\"noopener\">Faites la promotion d\u2019un bon \u00e9quilibre entre vie professionnelle et vie priv\u00e9e<\/a>. Encouragez les employ\u00e9s \u00e0 maintenir un \u00e9quilibre sain entre vie professionnelle et vie personnelle en fixant des horaires de travail raisonnables et en encourageant les pauses.<\/li>\n<li><a href=\"https:\/\/snacknation.com\/blog\/employee-wellness-program-ideas\/\" target=\"_blank\" rel=\"noopener\">Offrez un acc\u00e8s \u00e0 des programmes de bien-\u00eatre<\/a> tels que des cours de mise en forme, des conseils en nutrition, des ateliers de gestion du stress et une aide au sevrage tabagique.<\/li>\n<li>Cr\u00e9ez un environnement de travail bienveillant qui favorise une communication ouverte, encourage les relations positives entre coll\u00e8gues et offre des ressources en soutien \u00e0 la sant\u00e9 mentale.<\/li>\n<li><a href=\"https:\/\/www.cchst.ca\/oshanswers\/ergonomics\/index.html\" target=\"_blank\" rel=\"noopener\">Offrez des postes de travail ergonomiques<\/a> et faites la promotion d\u2019une bonne ergonomie pour pr\u00e9venir les troubles musculo-squelettiques.<\/li>\n<\/ul>\n<\/div>\n<p>N\u2019oubliez pas que vos apprentis sont votre plus grand atout. En mettant l\u2019accent sur le bien-\u00eatre des apprentis, vous investissez dans une main-d\u2019\u0153uvre plus saine, plus heureuse et plus productive, tout en favorisant un environnement de travail positif.<\/p>\n<\/div>\n<div class=\"flex-section\">\n<h3>Ressources en mati\u00e8re de sant\u00e9 et de bien-\u00eatre <\/h3>\n<p>La plupart des entreprises disposent d\u2019un solide programme de sant\u00e9 et de s\u00e9curit\u00e9 au travail, mais quelle est l\u2019attention accord\u00e9e \u00e0 la culture du lieu de travail et au bien-\u00eatre individuel? Un lieu de travail s\u00e9curitaire et sain favorise le bien-\u00eatre mental et physique.<\/p>\n<div class=\"container-accordion\">\n<div class=\"site-accordion\">\n<div class=\"accordion_section\">\n<h3><span>Sant\u00e9 mentale<\/span><\/h3>\n<div>\n<p>La <a href=\"https:\/\/www.canada.ca\/fr\/sante-publique\/services\/sante-mentale-travail.html\" target=\"_blank\" rel=\"noopener\">sant\u00e9 mentale sur le lieu de travail<\/a>  joue un r\u00f4le important en aidant les apprentis \u00e0 maintenir une bonne sant\u00e9 mentale. La promotion de la sant\u00e9 mentale sur le lieu de travail favorise la productivit\u00e9 des employ\u00e9s, le travail d\u2019\u00e9quipe, la fid\u00e9lisation et limite les facteurs n\u00e9gatifs tels que le stress, l\u2019\u00e9puisement et la d\u00e9pression. Une <a href=\"https:\/\/www.clac.ca\/Your-voice\/Article\/mental-health-and-apprenticeship%22%20\/hHYPERLINK%20%22https:\/\/soumissionrenovation.ca\/fr\/blogue\/sante-mentale-construction\" target=\"_blank\" rel=\"noopener\">bonne sant\u00e9 mentale<\/a> est extr\u00eamement importante pour soutenir vos apprentis et favoriser un environnement de travail agr\u00e9able.<\/p>\n<\/div>\n<h3><span>Sant\u00e9 physique<\/span><\/h3>\n<div>\n<p>La <a href=\"https:\/\/www.cchst.ca\/oshanswers\/psychosocial\/active_living.html\" target=\"_blank\" rel=\"noopener\">sant\u00e9 physique<\/a> est directement li\u00e9e \u00e0 une assimilation plus rapide des connaissances et \u00e0 une meilleure concentration au travail. L\u2019activit\u00e9 physique permet \u00e9galement de mieux g\u00e9rer les situations de stress. Cette ressource aide les employeurs \u00e0 comprendre comment ils peuvent aider leurs employ\u00e9s \u00e0 adopter un mode de vie sain et actif en dehors du travail et sur le lieu de travail gr\u00e2ce \u00e0 plusieurs strat\u00e9gies \u00e9prouv\u00e9es qui favorisent l\u2019activit\u00e9 physique et le mouvement.<\/p>\n<\/div>\n<h3><span>Alimentation saine<\/span><\/h3>\n<div>\n<p>Une <a href=\"https:\/\/www.cchst.ca\/oshanswers\/psychosocial\/healthyeating.html\" rel=\"noopener\" target=\"_blank\">bonne nutrition<\/a> aidera vos apprentis \u00e0 rester heureux et en bonne sant\u00e9 gr\u00e2ce \u00e0 des programmes et des strat\u00e9gies alimentaires efficaces. Une alimentation saine sur le lieu de travail aura un impact positif sur la capacit\u00e9 de l\u2019employ\u00e9 \u00e0 se concentrer sur son travail, sur son niveau d\u2019\u00e9nergie et sur son humeur. Les avantages d\u2019une alimentation saine comprennent une am\u00e9lioration de la productivit\u00e9 et de l\u2019humeur, ainsi qu\u2019une r\u00e9duction du risque d\u2019absent\u00e9isme et de maladie. <\/p>\n<\/div>\n<h3><span>\u00c9quilibre entre vie professionnelle et vie priv\u00e9e<\/span><\/h3>\n<div>\n<p><a href=\"https:\/\/www.canada.ca\/fr\/sante-canada\/services\/vie-saine.html\" rel=\"noopener\" target=\"_blank\">Cr\u00e9er un \u00e9quilibre sain entre vie professionnelle et vie priv\u00e9e<\/a> dans un lieu de travail qui donne la priorit\u00e9 au bien-\u00eatre des employ\u00e9s n\u2019est pas seulement b\u00e9n\u00e9fique pour les individus, mais a \u00e9galement un impact positif sur le succ\u00e8s global de l\u2019organisation. En favorisant l\u2019\u00e9quilibre entre vie professionnelle et vie priv\u00e9e, en offrant des possibilit\u00e9s d\u2019\u00e9volution et de perfectionnement professionnels et en instaurant une culture de soutien, les employeurs peuvent cr\u00e9er un espace o\u00f9 les employ\u00e9s s\u2019\u00e9panouissent et prosp\u00e8rent.  <\/p>\n<\/div>\n<h3><span>Soutien aux proches aidants<\/span><\/h3>\n<div>\n<p><a href=\"https:\/\/www.canada.ca\/fr\/services\/prestations\/ae\/proches-aidants.html\" rel=\"noopener\" target=\"_blank\">Offrir des avantages<\/a> et des <a href=\"https:\/\/canadiancaregiving.org\/fr\/aidants\/ressources-pour-les-aidants\/\" rel=\"noopener\" target=\"_blank\">ressources aux employ\u00e9s<\/a> qui sont des proches aidants est un \u00e9l\u00e9ment essentiel pour r\u00e9pondre aux besoins familiaux des employ\u00e9s. Ils pourraient m\u00eame devoir vous demander un cong\u00e9 pour faire face \u00e0 leur situation. Il est important d\u2019\u00eatre attentif aux ressources, aux avantages et \u00e0 l\u2019assistance que vous pouvez offrir aux employ\u00e9s pour qu\u2019ils puissent s\u2019occuper des personnes les plus importantes dans leur vie. De tels soins englobent le soutien mental, physique, social et psychologique. <\/p>\n<\/div>\n<\/div>\n<\/div>\n<\/div>\n<\/div>\n","protected":false},"excerpt":{"rendered":"<p>La sant\u00e9 et le bien-\u00eatre des employ\u00e9s sont essentiels \u00e0 la productivit\u00e9 et \u00e0 la r\u00e9ussite d\u2019une entreprise. Cette notion fait r\u00e9f\u00e9rence au bien-\u00eatre physique, mental et \u00e9motionnel des employ\u00e9s au sein de l\u2019entreprise. Le maintien de la sant\u00e9 des employ\u00e9s est essentiel pour plusieurs raisons : Productivit\u00e9 Les employ\u00e9s en bonne sant\u00e9 sont plus [&hellip;]<\/p>\n","protected":false},"author":3,"featured_media":855,"parent":22,"menu_order":0,"comment_status":"closed","ping_status":"closed","template":"page-cl.php","meta":{"_acf_changed":false,"footnotes":""},"class_list":["post-399","page","type-page","status-publish","has-post-thumbnail","hentry"],"acf":[],"_links":{"self":[{"href":"https:\/\/toolkits.collegesinstitutes.ca\/fr\/wp-json\/wp\/v2\/pages\/399","targetHints":{"allow":["GET"]}}],"collection":[{"href":"https:\/\/toolkits.collegesinstitutes.ca\/fr\/wp-json\/wp\/v2\/pages"}],"about":[{"href":"https:\/\/toolkits.collegesinstitutes.ca\/fr\/wp-json\/wp\/v2\/types\/page"}],"author":[{"embeddable":true,"href":"https:\/\/toolkits.collegesinstitutes.ca\/fr\/wp-json\/wp\/v2\/users\/3"}],"replies":[{"embeddable":true,"href":"https:\/\/toolkits.collegesinstitutes.ca\/fr\/wp-json\/wp\/v2\/comments?post=399"}],"version-history":[{"count":0,"href":"https:\/\/toolkits.collegesinstitutes.ca\/fr\/wp-json\/wp\/v2\/pages\/399\/revisions"}],"up":[{"embeddable":true,"href":"https:\/\/toolkits.collegesinstitutes.ca\/fr\/wp-json\/wp\/v2\/pages\/22"}],"wp:featuredmedia":[{"embeddable":true,"href":"https:\/\/toolkits.collegesinstitutes.ca\/fr\/wp-json\/wp\/v2\/media\/855"}],"wp:attachment":[{"href":"https:\/\/toolkits.collegesinstitutes.ca\/fr\/wp-json\/wp\/v2\/media?parent=399"}],"curies":[{"name":"wp","href":"https:\/\/api.w.org\/{rel}","templated":true}]}}