{"id":427,"date":"2023-08-30T02:05:50","date_gmt":"2023-08-30T02:05:50","guid":{"rendered":"https:\/\/toolkits.collegesinstitutes.ca\/vac-wil\/"},"modified":"2023-09-05T19:42:45","modified_gmt":"2023-09-05T19:42:45","slug":"vac-wil","status":"publish","type":"page","link":"https:\/\/toolkits.collegesinstitutes.ca\/fr\/vac-wil\/","title":{"rendered":"Guide en ligne ACC-AIT"},"content":{"rendered":"<p class=\"lead\">Votre centre de ressources pour les stages ACC- AIT.<\/p>\n<div class=\"boxit p-5 mt-5\">\n<div class=\"row align-items-center\">\n<div class=\"col-md-4\"><img loading=\"lazy\" decoding=\"async\" src=\"https:\/\/toolkits.collegesinstitutes.ca\/wp-content\/uploads\/2023\/08\/image-canada-300x249.png\" alt=\"\" width=\"300\" height=\"249\" class=\"alignnone size-medium wp-image-422\" srcset=\"https:\/\/toolkits.collegesinstitutes.ca\/wp-content\/uploads\/2023\/08\/image-canada-300x249.png 300w, https:\/\/toolkits.collegesinstitutes.ca\/wp-content\/uploads\/2023\/08\/image-canada.png 528w\" sizes=\"auto, (max-width: 300px) 100vw, 300px\" \/><\/div>\n<div class=\"col-md-8\">\n<h2 class=\"my-0\">Trouver un placement<\/h2>\n<p>Les bureaux locaux d\u2019ACC sont situ\u00e9s partout au pays.<br \/>\n<a href=\"https:\/\/toolkits.collegesinstitutes.ca\/fr\/vac-wil\/trouver-un-placement\/\" class=\"btn btn-dark mt-3\">Trouver un placement<\/a>\n<\/div>\n<\/div>\n<\/div>\n<div class=\"row mt-4 text-center\">\n<div class=\"col-md-6\">\n<div class=\"boxit h-100 p-5\">\n<img loading=\"lazy\" decoding=\"async\" src=\"https:\/\/toolkits.collegesinstitutes.ca\/wp-content\/uploads\/2023\/08\/icon-college-300x300.png\" alt=\"\" width=\"75\" height=\"75\" class=\"alignnone size-medium wp-image-415\" srcset=\"https:\/\/toolkits.collegesinstitutes.ca\/wp-content\/uploads\/2023\/08\/icon-college-300x300.png 300w, https:\/\/toolkits.collegesinstitutes.ca\/wp-content\/uploads\/2023\/08\/icon-college-150x150.png 150w, https:\/\/toolkits.collegesinstitutes.ca\/wp-content\/uploads\/2023\/08\/icon-college.png 400w\" sizes=\"auto, (max-width: 75px) 100vw, 75px\" \/><\/p>\n<h2 class=\"mt-0\">Pour les coll\u00e8ges et instituts\u202f: Qu&rsquo;est-ce que ACC- AIT ?<\/h2>\n<p>L\u2019apprentissage int\u00e9gr\u00e9 au travail (AIT) est un terme g\u00e9n\u00e9ral qui englobe de nombreux types d\u2019exp\u00e9riences pratiques sur le lieu de travail v\u00e9cues par les \u00e9tudiants.<br \/>\n<a href=\"https:\/\/toolkits.collegesinstitutes.ca\/fr\/vac-wil\/quest-ce-que-acc-ait\/\" class=\"btn btn-dark mt-4\">Lire la suite<\/a>\n<\/div>\n<\/div>\n<div class=\"col-md-6\">\n<div class=\"boxit h-100 p-5\">\n<img loading=\"lazy\" decoding=\"async\" src=\"https:\/\/toolkits.collegesinstitutes.ca\/wp-content\/uploads\/2023\/08\/icon-student-300x300.png\" alt=\"\" width=\"75\" height=\"75\" class=\"alignnone size-medium wp-image-419\" srcset=\"https:\/\/toolkits.collegesinstitutes.ca\/wp-content\/uploads\/2023\/08\/icon-student-300x300.png 300w, https:\/\/toolkits.collegesinstitutes.ca\/wp-content\/uploads\/2023\/08\/icon-student-150x150.png 150w, https:\/\/toolkits.collegesinstitutes.ca\/wp-content\/uploads\/2023\/08\/icon-student.png 400w\" sizes=\"auto, (max-width: 75px) 100vw, 75px\" \/><\/p>\n<h2 class=\"mt-0\">Pour les \u00e9tudiants\u202f: Qu&rsquo;est-ce qu&rsquo;un ACC?<\/h2>\n<p>Les agents des services aux v\u00e9t\u00e9rans (ASV) constituent le personnel de premi\u00e8re ligne des bureaux r\u00e9gionaux d\u2019ACC. Ils interagissent avec les anciens combattants et les aident \u00e0 d\u00e9terminer les avantages et les mesures de soutien auxquels ils ont droit.<br \/>\n<a href=\"https:\/\/toolkits.collegesinstitutes.ca\/fr\/vac-wil\/quest-ce-quun-asv\/\" class=\"btn btn-dark mt-4\">Lire la suite<\/a>\n<\/div>\n<\/div>\n<\/div>\n<div class=\"boxit h-100 p-5 mt-4 text-center\">\n<h2 class=\"mt-0\">Pour Anciens Combattants Canada : Votre stage<\/h2>\n<p>C\u2019est l\u2019\u00e9l\u00e9ment central qui assure la r\u00e9ussite de votre stage. <a href=\"https:\/\/toolkits.collegesinstitutes.ca\/fr\/vac-wil\/votre-stage-en-milieu-de-travail\/\">Lisez le guide en ligne<\/a> \u00e0 l\u2019intention des agents de bureau d\u2019ACC et acc\u00e9dez aux outils et gabarits \u00e0 utiliser \u00e0 chaque \u00e9tape de votre stage. <strong>Votre stage en 5 \u00e9tapes :<\/strong><\/p>\n<div class=\"row mt-5\">\n<div class=\"col\">\n\t\t<a href=\"https:\/\/toolkits.collegesinstitutes.ca\/fr\/vac-wil\/votre-stage-en-milieu-de-travail\/etape-1-demarrer\/\"><img decoding=\"async\" src=\"https:\/\/toolkits.collegesinstitutes.ca\/wp-content\/uploads\/2023\/08\/icon-step1-300x300.png\" alt=\"\" width=\"75\" height =\"75\" class=\"alignnone size-medium wp-image-366\" srcset=\"https:\/\/toolkits.collegesinstitutes.ca\/wp-content\/uploads\/2023\/08\/icon-step1-300x300.png 300w, https:\/\/toolkits.collegesinstitutes.ca\/wp-content\/uploads\/2023\/08\/icon-step1-150x150.png 150w, https:\/\/toolkits.collegesinstitutes.ca\/wp-content\/uploads\/2023\/08\/icon-step1.png 400w\" sizes=\"(max-width: 300px) 100vw, 300px\" \/><\/a><\/p>\n<div><a href=\"https:\/\/toolkits.collegesinstitutes.ca\/fr\/vac-wil\/votre-stage-en-milieu-de-travail\/etape-1-demarrer\/\"><strong>D\u00e9marrer<\/strong><\/a><\/div>\n<\/p><\/div>\n<div class=\"col\">\n\t\t<a href=\"https:\/\/toolkits.collegesinstitutes.ca\/fr\/vac-wil\/votre-stage-en-milieu-de-travail\/etape-2-comprendre-votre-role\/\"><img decoding=\"async\" src=\"https:\/\/toolkits.collegesinstitutes.ca\/wp-content\/uploads\/2023\/08\/icon-step2-300x300.png\" alt=\"\" width=\"75\" height =\"75\" class=\"alignnone size-medium wp-image-369\" srcset=\"https:\/\/toolkits.collegesinstitutes.ca\/wp-content\/uploads\/2023\/08\/icon-step2-300x300.png 300w, https:\/\/toolkits.collegesinstitutes.ca\/wp-content\/uploads\/2023\/08\/icon-step2-150x150.png 150w, https:\/\/toolkits.collegesinstitutes.ca\/wp-content\/uploads\/2023\/08\/icon-step2.png 400w\" sizes=\"(max-width: 300px) 100vw, 300px\" \/><\/a><\/p>\n<div><a href=\"https:\/\/toolkits.collegesinstitutes.ca\/fr\/vac-wil\/votre-stage-en-milieu-de-travail\/etape-2-comprendre-votre-role\/\"><strong>Comprendre votre r\u00f4le<\/strong><\/a><\/div>\n<\/p><\/div>\n<div class=\"col\">\n\t\t<a href=\"https:\/\/toolkits.collegesinstitutes.ca\/fr\/vac-wil\/votre-stage-en-milieu-de-travail\/etape-3-etablir-des-objectifs\/\"><img decoding=\"async\" src=\"https:\/\/toolkits.collegesinstitutes.ca\/wp-content\/uploads\/2023\/08\/icon-step3-300x300.png\" alt=\"\" width=\"75\" height =\"75\" class=\"alignnone size-medium wp-image-371\" srcset=\"https:\/\/toolkits.collegesinstitutes.ca\/wp-content\/uploads\/2023\/08\/icon-step3-300x300.png 300w, https:\/\/toolkits.collegesinstitutes.ca\/wp-content\/uploads\/2023\/08\/icon-step3-150x150.png 150w, https:\/\/toolkits.collegesinstitutes.ca\/wp-content\/uploads\/2023\/08\/icon-step3.png 400w\" sizes=\"(max-width: 300px) 100vw, 300px\" \/><\/a><\/p>\n<div><a href=\"https:\/\/toolkits.collegesinstitutes.ca\/fr\/vac-wil\/votre-stage-en-milieu-de-travail\/etape-3-etablir-des-objectifs\/\"><strong>\u00c9tablir des objectifs<\/strong><\/a><\/div>\n<\/p><\/div>\n<div class=\"col\">\n\t\t<a href=\"https:\/\/toolkits.collegesinstitutes.ca\/fr\/vac-wil\/votre-stage-en-milieu-de-travail\/etape-4-reflechir-a-lexperience\/\"><img decoding=\"async\" src=\"https:\/\/toolkits.collegesinstitutes.ca\/wp-content\/uploads\/2023\/08\/icon-step4-300x300.png\" alt=\"\" width=\"75\" height =\"75\" class=\"alignnone size-medium wp-image-373\" srcset=\"https:\/\/toolkits.collegesinstitutes.ca\/wp-content\/uploads\/2023\/08\/icon-step4-300x300.png 300w, https:\/\/toolkits.collegesinstitutes.ca\/wp-content\/uploads\/2023\/08\/icon-step4-150x150.png 150w, https:\/\/toolkits.collegesinstitutes.ca\/wp-content\/uploads\/2023\/08\/icon-step4.png 400w\" sizes=\"(max-width: 300px) 100vw, 300px\" \/><\/a><\/p>\n<div><a href=\"https:\/\/toolkits.collegesinstitutes.ca\/fr\/vac-wil\/votre-stage-en-milieu-de-travail\/etape-4-reflechir-a-lexperience\/\"><strong>R\u00e9fl\u00e9chir \u00e0 l\u2019exp\u00e9rience<\/strong><\/a><\/div>\n<\/p><\/div>\n<div class=\"col\">\n\t\t<a href=\"https:\/\/toolkits.collegesinstitutes.ca\/fr\/vac-wil\/votre-stage-en-milieu-de-travail\/etape-5-evaluer-le-rendement\/\"><img decoding=\"async\" src=\"https:\/\/toolkits.collegesinstitutes.ca\/wp-content\/uploads\/2023\/08\/icon-step5-300x300.png\" alt=\"\" width=\"75\" height =\"75\" class=\"alignnone size-medium wp-image-375\" srcset=\"https:\/\/toolkits.collegesinstitutes.ca\/wp-content\/uploads\/2023\/08\/icon-step5-300x300.png 300w, https:\/\/toolkits.collegesinstitutes.ca\/wp-content\/uploads\/2023\/08\/icon-step5-150x150.png 150w, https:\/\/toolkits.collegesinstitutes.ca\/wp-content\/uploads\/2023\/08\/icon-step5.png 400w\" sizes=\"(max-width: 300px) 100vw, 300px\" \/><\/a><\/p>\n<div><a href=\"https:\/\/toolkits.collegesinstitutes.ca\/fr\/vac-wil\/votre-stage-en-milieu-de-travail\/etape-5-evaluer-le-rendement\/\"><strong>\u00c9valuer le rendement <\/strong><\/a><\/div>\n<\/p><\/div>\n<\/div>\n","protected":false},"excerpt":{"rendered":"<p>Votre centre de ressources pour les stages ACC- AIT. Trouver un placement Les bureaux locaux d\u2019ACC sont situ\u00e9s partout au pays. Trouver un placement Pour les coll\u00e8ges et instituts\u202f: Qu&rsquo;est-ce que ACC- AIT ? L\u2019apprentissage int\u00e9gr\u00e9 au travail (AIT) est un terme g\u00e9n\u00e9ral qui englobe de nombreux types d\u2019exp\u00e9riences pratiques sur le lieu de travail [&hellip;]<\/p>\n","protected":false},"author":3,"featured_media":357,"parent":0,"menu_order":0,"comment_status":"closed","ping_status":"closed","template":"page-cican.php","meta":{"_acf_changed":false,"footnotes":""},"class_list":["post-427","page","type-page","status-publish","has-post-thumbnail","hentry"],"acf":[],"_links":{"self":[{"href":"https:\/\/toolkits.collegesinstitutes.ca\/fr\/wp-json\/wp\/v2\/pages\/427","targetHints":{"allow":["GET"]}}],"collection":[{"href":"https:\/\/toolkits.collegesinstitutes.ca\/fr\/wp-json\/wp\/v2\/pages"}],"about":[{"href":"https:\/\/toolkits.collegesinstitutes.ca\/fr\/wp-json\/wp\/v2\/types\/page"}],"author":[{"embeddable":true,"href":"https:\/\/toolkits.collegesinstitutes.ca\/fr\/wp-json\/wp\/v2\/users\/3"}],"replies":[{"embeddable":true,"href":"https:\/\/toolkits.collegesinstitutes.ca\/fr\/wp-json\/wp\/v2\/comments?post=427"}],"version-history":[{"count":0,"href":"https:\/\/toolkits.collegesinstitutes.ca\/fr\/wp-json\/wp\/v2\/pages\/427\/revisions"}],"wp:featuredmedia":[{"embeddable":true,"href":"https:\/\/toolkits.collegesinstitutes.ca\/fr\/wp-json\/wp\/v2\/media\/357"}],"wp:attachment":[{"href":"https:\/\/toolkits.collegesinstitutes.ca\/fr\/wp-json\/wp\/v2\/media?parent=427"}],"curies":[{"name":"wp","href":"https:\/\/api.w.org\/{rel}","templated":true}]}}