{"id":428,"date":"2023-08-30T02:11:11","date_gmt":"2023-08-30T02:11:11","guid":{"rendered":"https:\/\/toolkits.collegesinstitutes.ca\/vac-wil\/about-us\/"},"modified":"2024-06-14T13:33:46","modified_gmt":"2024-06-14T13:33:46","slug":"a-propos","status":"publish","type":"page","link":"https:\/\/toolkits.collegesinstitutes.ca\/fr\/vac-wil\/a-propos\/","title":{"rendered":"\u00c0 propos\u202f"},"content":{"rendered":"<p class=\"lead\"><a href=\"https:\/\/www.collegesinstitutes.ca\" target=\"_blank\" rel=\"noopener\">Coll\u00e8ges et instituts Canada<\/a> (CICan) est le porte-parole national et international du plus vaste r\u00e9seau d\u2019enseignement sup\u00e9rieur du Canada. Le travail de CICan renforce les coll\u00e8ges, instituts, c\u00e9geps et \u00e9coles polytechniques publics du Canada et \u00e9tend leur port\u00e9e dans le monde entier.<\/p>\n<div class=\"boxit my-5 p-5\">\n<div class=\"row align-items-center\">\n<div class=\"col-md-2\"><img decoding=\"async\" src=\"https:\/\/www.collegesinstitutes.ca\/wp-content\/uploads\/2023\/01\/thumbnail-img-didyouknow.png\" \/><\/div>\n<div class=\"col-md-10\">Les coll\u00e8ges et instituts sont des chefs de file de l\u2019apprentissage continu, fond\u00e9 sur les comp\u00e9tences, qui am\u00e8ne chaque personne \u00e0 occuper un emploi \u00e0 sa mesure. Plus de 95\u202f% de la population canadienne et plus de 86\u202f% des Autochtones vivent \u00e0 moins de 50\u202fkm d\u2019un coll\u00e8ge ou d\u2019un institut. <a href=\"https:\/\/www.collegesinstitutes.ca\/fr\/colleges-instituts-communaute\/nos-membres\/\" target=\"_blank\" rel=\"noopener\">En savoir plus sur le plus grand r\u00e9seau d&rsquo;enseignement postsecondaire du Canada.<\/a><\/div>\n<\/div>\n<\/div>\n<h2>S\u2019associer \u00e0 un coll\u00e8ge ou un institut<\/h2>\n<p><a href=\"https:\/\/www.veterans.gc.ca\/fra\" target=\"_blank\" rel=\"noopener\">Anciens Combattants Canada<\/a> (ACC) est un minist\u00e8re du gouvernement du Canada qui a pour mandat d\u2019aider les v\u00e9t\u00e9rans des Forces arm\u00e9es et de la marine marchande ayant servi pendant la Premi\u00e8re Guerre mondiale, la Seconde Guerre mondiale ou la guerre de Cor\u00e9e; les membres actuels et les anciens membres des Forces canadiennes; les anciens membres et les membres actuels de la Gendarmerie royale du Canada; et les survivants et les personnes \u00e0 charge des groupes susmentionn\u00e9s.<\/p>\n<p><strong>Le mandat d\u2019ACC comprend l\u2019aide \u00e0 la r\u00e9insertion des v\u00e9t\u00e9rans dans la vie civile. ACC fournit aux anciens combattants admissibles des avantages financiers, des services de r\u00e9adaptation m\u00e9dicale et psychosociale, ainsi qu\u2019un programme de r\u00e9int\u00e9gration du milieu de travail.<\/strong><\/p>\n<p>Les coll\u00e8ges et instituts offrent des programmes ax\u00e9s sur l&#8217;emploi bas\u00e9s sur des approches d&rsquo;apprentissage appliqu\u00e9 qui permettent aux dipl\u00f4m\u00e9s d&rsquo;int\u00e9grer le march\u00e9 du travail rapidement et efficacement. L\u2019importance qu\u2019ils accordent \u00e0 la r\u00e9ussite des \u00e9tudiants et le niveau dynamique de l\u2019enseignement qu\u2019ils proposent en font des partenaires de choix.<\/p>\n<p>L\u2019offre d\u2019occasions d\u2019apprentissage int\u00e9gr\u00e9 au travail (AIT) en partenariat avec un coll\u00e8ge ou un institut permet \u00e0 ACC de rejoindre des \u00e9tudiants soucieux de leur carri\u00e8re, qui apportent un dynamisme, de nouvelles perspectives, une ardeur au travail et une capacit\u00e9 en ressources humaines dont les bureaux locaux ont bien besoin.<\/p>\n<p><strong>Les partenariats d\u2019AIT mettent \u00e0 profit la force du plus grand r\u00e9seau postsecondaire au Canada pour d\u00e9velopper une solution de vivier de talents pour r\u00e9pondre aux d\u00e9fis en mati\u00e8re de recrutement et de maintien en poste du personnel identifi\u00e9s par Anciens Combattants Canada.<\/strong><\/p>\n<h2>Le guide en ligne<\/h2>\n<p>Le programme d\u2019AIT d\u2019ACC est con\u00e7u pour aider ACC \u00e0 recruter et retenir des \u00e9tudiants et de nouveaux dipl\u00f4m\u00e9s comp\u00e9tents et talentueux aux postes d\u2019agent ou agente des services aux v\u00e9t\u00e9rans (ASV) ou de gestionnaire de cas (GC).<\/p>\n<p>Ce guide sur les stages d\u2019AIT d\u2019ACC d\u00e9crit la marche \u00e0 suivre par les membres de CICan et les agents d\u2019ACC pour placer des \u00e9tudiants dans des stages d\u2019AIT profitables dans les bureaux r\u00e9gionaux d\u2019ACC d\u2019un oc\u00e9an \u00e0 l\u2019autre et pour assurer leur r\u00e9ussite\u202f:<\/p>\n<ul>\n<li>une explication claire du calendrier et des caract\u00e9ristiques essentielles des stages d\u2019AIT d\u2019ACC;<\/li>\n<li>des ressources pratiques \u00e0 l\u2019usage des gestionnaires r\u00e9gionaux d\u2019ACC et des \u00e9tudiants;<\/li>\n<li>de l\u2019information utile aux membres de CICan et au personnel d\u2019ACC pour naviguer dans le processus d\u2019embauche et assurer la r\u00e9ussite du stage en milieu de travail;<\/li>\n<li>un r\u00e9pertoire utile aux bureaux locaux d\u2019ACC pour entrer en contact avec les membres de CICan.<\/li>\n<\/ul>\n<p><a class=\"btn btn-download my-3\" href=\"https:\/\/collegesinstitutes.sharepoint.com\/:b:\/g\/extcollab\/EQUCsheyWXJNkrci-NnN5vkBDVrodwbow7Y_N6WPLXwpkg\" target=\"_blank\" rel=\"noopener\">T\u00e9l\u00e9charger le guide<\/a><\/p>\n<p>Ce guide en ligne a \u00e9t\u00e9 \u00e9labor\u00e9 par Coll\u00e8ges et Instituts Canada, <a href=\"https:\/\/www.collegesinstitutes.ca\/fr\/programs\/au-service-des-veterans\/\" target=\"_blank\" rel=\"noopener\">dans le cadre du programme Au service des v\u00e9t\u00e9rans<\/a>.<\/p>\n<p>Le programme Au service des v\u00e9t\u00e9rans tisse des liens entre les coll\u00e8ges et instituts et les bureaux locaux d\u2019Anciens Combattants Canada (ACC) afin de concevoir ensemble des programmes d\u2019\u00e9tudes, des outils et des occasions d\u2019apprentissage int\u00e9gr\u00e9 au travail dans des domaines tels que le travail social, les soins infirmiers et la m\u00e9decine.<\/p>\n<p><strong><em>Au service des v\u00e9t\u00e9rans b\u00e9n\u00e9ficie de l\u2019appui financier d\u2019Anciens Combattants Canada.<\/em><\/strong><\/p>\n","protected":false},"excerpt":{"rendered":"<p>Coll\u00e8ges et instituts Canada (CICan) est le porte-parole national et international du plus vaste r\u00e9seau d\u2019enseignement sup\u00e9rieur du Canada. Le travail de CICan renforce les coll\u00e8ges, instituts, c\u00e9geps et \u00e9coles polytechniques publics du Canada et \u00e9tend leur port\u00e9e dans le monde entier. Les coll\u00e8ges et instituts sont des chefs de file de l\u2019apprentissage continu, fond\u00e9 [&hellip;]<\/p>\n","protected":false},"author":3,"featured_media":465,"parent":427,"menu_order":0,"comment_status":"closed","ping_status":"closed","template":"page-cican.php","meta":{"_acf_changed":false,"footnotes":""},"class_list":["post-428","page","type-page","status-publish","has-post-thumbnail","hentry"],"acf":[],"_links":{"self":[{"href":"https:\/\/toolkits.collegesinstitutes.ca\/fr\/wp-json\/wp\/v2\/pages\/428","targetHints":{"allow":["GET"]}}],"collection":[{"href":"https:\/\/toolkits.collegesinstitutes.ca\/fr\/wp-json\/wp\/v2\/pages"}],"about":[{"href":"https:\/\/toolkits.collegesinstitutes.ca\/fr\/wp-json\/wp\/v2\/types\/page"}],"author":[{"embeddable":true,"href":"https:\/\/toolkits.collegesinstitutes.ca\/fr\/wp-json\/wp\/v2\/users\/3"}],"replies":[{"embeddable":true,"href":"https:\/\/toolkits.collegesinstitutes.ca\/fr\/wp-json\/wp\/v2\/comments?post=428"}],"version-history":[{"count":0,"href":"https:\/\/toolkits.collegesinstitutes.ca\/fr\/wp-json\/wp\/v2\/pages\/428\/revisions"}],"up":[{"embeddable":true,"href":"https:\/\/toolkits.collegesinstitutes.ca\/fr\/wp-json\/wp\/v2\/pages\/427"}],"wp:featuredmedia":[{"embeddable":true,"href":"https:\/\/toolkits.collegesinstitutes.ca\/fr\/wp-json\/wp\/v2\/media\/465"}],"wp:attachment":[{"href":"https:\/\/toolkits.collegesinstitutes.ca\/fr\/wp-json\/wp\/v2\/media?parent=428"}],"curies":[{"name":"wp","href":"https:\/\/api.w.org\/{rel}","templated":true}]}}