{"id":827,"date":"2023-11-21T15:14:06","date_gmt":"2023-11-21T15:14:06","guid":{"rendered":"https:\/\/toolkits.collegesinstitutes.ca\/about\/"},"modified":"2023-11-27T16:00:56","modified_gmt":"2023-11-27T16:00:56","slug":"a-propos","status":"publish","type":"page","link":"https:\/\/toolkits.collegesinstitutes.ca\/fr\/connexionapprentis\/a-propos\/","title":{"rendered":"\u00c0 propos"},"content":{"rendered":"<p>Bienvenue \u00e0 <a href=\"https:\/\/toolkits.collegesinstitutes.ca\/fr\/connexionapprentis\/\" target=\"_blank\" rel=\"noopener\">Connexion Apprentis<\/a>, une plateforme d\u00e9velopp\u00e9e par Coll\u00e8ges et instituts Canada (CICan) pour aider les entreprises de construction et de fabrication \u00e0 se doter d\u2019une main-d\u2019\u0153uvre qualifi\u00e9e, diversifi\u00e9e et r\u00e9siliente. Partant du principe que tout secteur prosp\u00e8re repose sur sa main-d\u2019\u0153uvre, cette riche plateforme facilite l\u2019acc\u00e8s \u00e0 l\u2019information dont vous avez besoin pour faire cro\u00eetre et stimuler votre \u00e9quipe. <\/p>\n<p>Connexion Apprentis simplifie le parcours des apprenti\u00b7es en offrant une multitude de ressources personnalis\u00e9es, de conseils pratiques et de bonnes pratiques propres \u00e0 chaque secteur. Elle aide les employeurs \u00e0 trouver des renseignements essentiels sur les possibilit\u00e9s de financement, \u00e0 respecter les normes gouvernementales et \u00e0 cr\u00e9er un milieu de travail positif et favorable afin de r\u00e9duire les blessures, l\u2019\u00e9puisement professionnel et le roulement de personnel.   <\/p>\n<p>Plus qu\u2019une plateforme sur les apprentissages, Connexion Apprentis fait la promotion de la diversit\u00e9 et de l\u2019inclusion en milieu de travail. Elle offre des ressources pour aider au recrutement et au perfectionnement d\u2019une main-d\u2019\u0153uvre issue de groupes traditionnellement sous-repr\u00e9sent\u00e9s dans les m\u00e9tiers sp\u00e9cialis\u00e9s. Notre objectif est de faire en sorte que les entreprises disposent des outils n\u00e9cessaires non seulement pour embaucher, mais aussi pour retenir et faire progresser une main-d\u2019\u0153uvre diversifi\u00e9e.\u202f <\/p>\n<p>La plateforme est le r\u00e9sultat d\u2019une collaboration entre CICan et sept coll\u00e8ges et instituts\u202f: l\u2019Assiniboine Community College, le British Columbia Institute of Technology, le Fanshawe College, le Georgian College, le Loyalist College, la Saskatchewan Polytechnic et la Thompson Rivers University. Ces \u00e9tablissements ont mis leur expertise en commun pour s\u2019assurer que le contenu corresponde aux besoins pr\u00e9cis des employeurs et des apprenti\u00b7es, et qu\u2019il soit fiable et clair, en particulier pour ceux qui d\u00e9couvrent les programmes d\u2019apprentissage. <\/p>\n<p>Connexion Apprentis a \u00e9t\u00e9 d\u00e9velopp\u00e9 dans le contexte du <a href=\"https:\/\/www.lancementcarriere.ca\/programme-dapprentissages\/\" target=\"_blank\" rel=\"noopener\">Programme d\u2019apprentissages Lancement de carri\u00e8re<\/a> de CICan, financ\u00e9 par le gouvernement du Canada, qui offre aux entreprises des secteurs de la fabrication et de la construction jusqu\u2019\u00e0 20\u202f000\u202f$ pour embaucher de nouveaux et nouvelles apprenti\u00b7es. <\/p>\n<div class=\"flex-section mt-5\">\n<div class=\"row text-center\">\n<div class=\"col-sm-12\">\n<div class=\"container-call-out-block h-100 p-5 d-flex flex-column\">\n<h3 class=\"mt-0\">Programme d\u2019apprentissages Lancement de carri\u00e8re<\/h3>\n<p><strong>Obtenez jusqu\u2019\u00e0 20 000 $ pour l\u2019embauche de nouveaux et nouvelles apprenti\u00b7es<\/strong><br \/> C\u2019est simple. Il suffit de s\u2019inscrire, d\u2019embaucher et de r\u00e9colter les b\u00e9n\u00e9fices! <\/p>\n<div class=\"mt-auto\"><a class=\"button_btn blue_btn mt-3\" href=\"https:\/\/www.lancementcarriere.ca\/employers\/programme-dapprentissages\/\" target=\"_blank\" rel=\"noopener\">Plus d\u2019information<\/a><\/div>\n<\/div>\n<\/div>\n<\/div>\n<\/div>\n","protected":false},"excerpt":{"rendered":"<p>Bienvenue \u00e0 Connexion Apprentis, une plateforme d\u00e9velopp\u00e9e par Coll\u00e8ges et instituts Canada (CICan) pour aider les entreprises de construction et de fabrication \u00e0 se doter d\u2019une main-d\u2019\u0153uvre qualifi\u00e9e, diversifi\u00e9e et r\u00e9siliente. Partant du principe que tout secteur prosp\u00e8re repose sur sa main-d\u2019\u0153uvre, cette riche plateforme facilite l\u2019acc\u00e8s \u00e0 l\u2019information dont vous avez besoin pour faire [&hellip;]<\/p>\n","protected":false},"author":3,"featured_media":836,"parent":338,"menu_order":0,"comment_status":"closed","ping_status":"closed","template":"page-cl.php","meta":{"_acf_changed":false,"footnotes":""},"class_list":["post-827","page","type-page","status-publish","has-post-thumbnail","hentry"],"acf":[],"_links":{"self":[{"href":"https:\/\/toolkits.collegesinstitutes.ca\/fr\/wp-json\/wp\/v2\/pages\/827","targetHints":{"allow":["GET"]}}],"collection":[{"href":"https:\/\/toolkits.collegesinstitutes.ca\/fr\/wp-json\/wp\/v2\/pages"}],"about":[{"href":"https:\/\/toolkits.collegesinstitutes.ca\/fr\/wp-json\/wp\/v2\/types\/page"}],"author":[{"embeddable":true,"href":"https:\/\/toolkits.collegesinstitutes.ca\/fr\/wp-json\/wp\/v2\/users\/3"}],"replies":[{"embeddable":true,"href":"https:\/\/toolkits.collegesinstitutes.ca\/fr\/wp-json\/wp\/v2\/comments?post=827"}],"version-history":[{"count":0,"href":"https:\/\/toolkits.collegesinstitutes.ca\/fr\/wp-json\/wp\/v2\/pages\/827\/revisions"}],"up":[{"embeddable":true,"href":"https:\/\/toolkits.collegesinstitutes.ca\/fr\/wp-json\/wp\/v2\/pages\/338"}],"wp:featuredmedia":[{"embeddable":true,"href":"https:\/\/toolkits.collegesinstitutes.ca\/fr\/wp-json\/wp\/v2\/media\/836"}],"wp:attachment":[{"href":"https:\/\/toolkits.collegesinstitutes.ca\/fr\/wp-json\/wp\/v2\/media?parent=827"}],"curies":[{"name":"wp","href":"https:\/\/api.w.org\/{rel}","templated":true}]}}